{"id":4042,"date":"2026-03-27T16:39:28","date_gmt":"2026-03-27T16:39:28","guid":{"rendered":"https:\/\/casainquieta.es\/inicio\/?page_id=4042"},"modified":"2026-03-27T16:54:04","modified_gmt":"2026-03-27T16:54:04","slug":"doble-deluxe","status":"publish","type":"page","link":"https:\/\/casainquieta.es\/inicio\/doble-deluxe\/","title":{"rendered":"DOBLE DELUXE"},"content":{"rendered":"\t\t<div data-elementor-type=\"wp-page\" data-elementor-id=\"4042\" class=\"elementor elementor-4042\" data-elementor-post-type=\"page\">\n\t\t\t\t<div class=\"elementor-element elementor-element-86360b1 e-con-full e-flex wpr-particle-no wpr-jarallax-no wpr-parallax-no wpr-sticky-section-no e-con e-parent\" data-id=\"86360b1\" data-element_type=\"container\" data-settings=\"{&quot;background_background&quot;:&quot;classic&quot;}\">\n\t\t<div class=\"elementor-element elementor-element-db7ab87 e-grid e-con-boxed wpr-particle-no wpr-jarallax-no wpr-parallax-no wpr-sticky-section-no e-con e-child\" data-id=\"db7ab87\" data-element_type=\"container\">\n\t\t\t\t\t<div class=\"e-con-inner\">\n\t\t\t\t<div class=\"elementor-element elementor-element-347f015 elementor-widget-mobile__width-initial elementor-widget elementor-widget-text-editor\" data-id=\"347f015\" data-element_type=\"widget\" data-widget_type=\"text-editor.default\">\n\t\t\t\t\t\t\t\t\t<p>DOBLE DELUXE &#8211; INTERIOR.<\/p>\t\t\t\t\t\t\t\t<\/div>\n\t\t\t\t<div class=\"elementor-element elementor-element-6614fef elementor-widget elementor-widget-text-editor\" data-id=\"6614fef\" data-element_type=\"widget\" data-widget_type=\"text-editor.default\">\n\t\t\t\t\t\t\t\t\t<p>La forma m\u00e1s contenida de la casa.<\/p>\t\t\t\t\t\t\t\t<\/div>\n\t\t\t\t\t<\/div>\n\t\t\t\t<\/div>\n\t\t\t\t<\/div>\n\t\t<div class=\"elementor-element elementor-element-761af94 e-flex e-con-boxed wpr-particle-no wpr-jarallax-no wpr-parallax-no wpr-sticky-section-no e-con e-parent\" data-id=\"761af94\" data-element_type=\"container\" data-settings=\"{&quot;background_background&quot;:&quot;classic&quot;}\">\n\t\t\t\t\t<div class=\"e-con-inner\">\n\t\t<div class=\"elementor-element elementor-element-1e92d06 e-con-full e-flex wpr-particle-no wpr-jarallax-no wpr-parallax-no wpr-sticky-section-no e-con e-child\" data-id=\"1e92d06\" data-element_type=\"container\">\n\t\t\t\t<div class=\"elementor-element elementor-element-570735f elementor-widget__width-initial elementor-widget elementor-widget-image\" data-id=\"570735f\" data-element_type=\"widget\" data-widget_type=\"image.default\">\n\t\t\t\t\t\t\t\t\t\t\t\t\t\t\t<img fetchpriority=\"high\" decoding=\"async\" width=\"655\" height=\"1000\" src=\"https:\/\/casainquieta.es\/inicio\/wp-content\/uploads\/2026\/03\/FOTO_IZQUIERDA2.jpg\" class=\"attachment-large size-large wp-image-4005\" alt=\"\" srcset=\"https:\/\/casainquieta.es\/inicio\/wp-content\/uploads\/2026\/03\/FOTO_IZQUIERDA2.jpg 655w, https:\/\/casainquieta.es\/inicio\/wp-content\/uploads\/2026\/03\/FOTO_IZQUIERDA2-197x300.jpg 197w\" sizes=\"(max-width: 655px) 100vw, 655px\" \/>\t\t\t\t\t\t\t\t\t\t\t\t\t\t\t<\/div>\n\t\t\t\t<\/div>\n\t\t<div class=\"elementor-element elementor-element-e6c1dc3 e-con-full e-flex wpr-particle-no wpr-jarallax-no wpr-parallax-no wpr-sticky-section-no e-con e-child\" data-id=\"e6c1dc3\" data-element_type=\"container\">\n\t\t\t\t<div class=\"elementor-element elementor-element-c8096d8 elementor-widget elementor-widget-text-editor\" data-id=\"c8096d8\" data-element_type=\"widget\" data-widget_type=\"text-editor.default\">\n\t\t\t\t\t\t\t\t\t<p>M\u00c1S QUE UNA HABITACI\u00d3N,<br \/>UNA FORMA DE ESTAR.<\/p>\t\t\t\t\t\t\t\t<\/div>\n\t\t\t\t<div class=\"elementor-element elementor-element-bb07a96 elementor-widget elementor-widget-text-editor\" data-id=\"bb07a96\" data-element_type=\"widget\" data-widget_type=\"text-editor.default\">\n\t\t\t\t\t\t\t\t\t<p><span style=\"font-weight: 400;\">La ciudad aparece, sin imponerse, formando parte de la experiencia. M\u00e1s amplitud, m\u00e1s presencia, pero manteniendo el mismo lenguaje de Casa Inquieta: cuidado, proporci\u00f3n y una forma natural de habitar el espacio. Una opci\u00f3n para quienes buscan algo m\u00e1s abierto dentro de la misma casa<\/span><\/p>\t\t\t\t\t\t\t\t<\/div>\n\t\t\t\t<div class=\"elementor-element elementor-element-3216cf1 elementor-align-left elementor-mobile-align-center elementor-widget elementor-widget-button\" data-id=\"3216cf1\" data-element_type=\"widget\" data-widget_type=\"button.default\">\n\t\t\t\t\t\t\t\t\t\t<a class=\"elementor-button elementor-button-link elementor-size-sm\" href=\"#\">\n\t\t\t\t\t\t<span class=\"elementor-button-content-wrapper\">\n\t\t\t\t\t\t\t\t\t<span class=\"elementor-button-text\">RESERVAR HABITACI\u00d3N<\/span>\n\t\t\t\t\t<\/span>\n\t\t\t\t\t<\/a>\n\t\t\t\t\t\t\t\t<\/div>\n\t\t\t\t<\/div>\n\t\t\t\t\t<\/div>\n\t\t\t\t<\/div>\n\t\t<div class=\"elementor-element elementor-element-2b881d6 e-con-full e-flex wpr-particle-no wpr-jarallax-no wpr-parallax-no wpr-sticky-section-no e-con e-parent\" data-id=\"2b881d6\" data-element_type=\"container\">\n\t\t\t\t<div class=\"elementor-element elementor-element-ad7f40b elementor--h-position-center elementor--v-position-middle elementor-arrows-position-inside elementor-widget elementor-widget-slides\" data-id=\"ad7f40b\" data-element_type=\"widget\" data-settings=\"{&quot;navigation&quot;:&quot;arrows&quot;,&quot;autoplay&quot;:&quot;yes&quot;,&quot;pause_on_hover&quot;:&quot;yes&quot;,&quot;pause_on_interaction&quot;:&quot;yes&quot;,&quot;autoplay_speed&quot;:5000,&quot;infinite&quot;:&quot;yes&quot;,&quot;transition&quot;:&quot;slide&quot;,&quot;transition_speed&quot;:500}\" data-widget_type=\"slides.default\">\n\t\t\t\t\t\t\t\t\t\t<div class=\"elementor-slides-wrapper elementor-main-swiper swiper\" role=\"region\" aria-roledescription=\"carousel\" aria-label=\"Slides\" dir=\"ltr\" data-animation=\"fadeInUp\">\n\t\t\t\t<div class=\"swiper-wrapper elementor-slides\">\n\t\t\t\t\t\t\t\t\t\t<div class=\"elementor-repeater-item-e983670 swiper-slide\" role=\"group\" aria-roledescription=\"slide\"><div class=\"swiper-slide-bg\" role=\"img\" aria-label=\"01 (4)\"><\/div><div class=\"swiper-slide-inner\" ><div class=\"swiper-slide-contents\"><\/div><\/div><\/div><div class=\"elementor-repeater-item-ad2ef2d swiper-slide\" role=\"group\" aria-roledescription=\"slide\"><div class=\"swiper-slide-bg\" role=\"img\" aria-label=\"02 (4)\"><\/div><div class=\"swiper-slide-inner\" ><div class=\"swiper-slide-contents\"><\/div><\/div><\/div><div class=\"elementor-repeater-item-7c52634 swiper-slide\" role=\"group\" aria-roledescription=\"slide\"><div class=\"swiper-slide-bg\" role=\"img\" aria-label=\"03 (4)\"><\/div><div class=\"swiper-slide-inner\" ><div class=\"swiper-slide-contents\"><\/div><\/div><\/div><div class=\"elementor-repeater-item-54f2c0d swiper-slide\" role=\"group\" aria-roledescription=\"slide\"><div class=\"swiper-slide-bg\" role=\"img\" aria-label=\"04 (4)\"><\/div><div class=\"swiper-slide-inner\" ><div class=\"swiper-slide-contents\"><\/div><\/div><\/div><div class=\"elementor-repeater-item-1f3362d swiper-slide\" role=\"group\" aria-roledescription=\"slide\"><div class=\"swiper-slide-bg\" role=\"img\" aria-label=\"05 (4)\"><\/div><div class=\"swiper-slide-inner\" ><div class=\"swiper-slide-contents\"><\/div><\/div><\/div><div class=\"elementor-repeater-item-69e7117 swiper-slide\" role=\"group\" aria-roledescription=\"slide\"><div class=\"swiper-slide-bg\" role=\"img\" aria-label=\"06 (4)\"><\/div><div class=\"swiper-slide-inner\" ><div class=\"swiper-slide-contents\"><\/div><\/div><\/div>\t\t\t\t<\/div>\n\t\t\t\t\t\t\t\t\t\t\t\t\t\t\t<div class=\"elementor-swiper-button elementor-swiper-button-prev\" role=\"button\" tabindex=\"0\" aria-label=\"Previous slide\">\n\t\t\t\t\t\t\t<svg aria-hidden=\"true\" class=\"e-font-icon-svg e-eicon-chevron-left\" viewBox=\"0 0 1000 1000\" xmlns=\"http:\/\/www.w3.org\/2000\/svg\"><path d=\"M646 125C629 125 613 133 604 142L308 442C296 454 292 471 292 487 292 504 296 521 308 533L604 854C617 867 629 875 646 875 663 875 679 871 692 858 704 846 713 829 713 812 713 796 708 779 692 767L438 487 692 225C700 217 708 204 708 187 708 171 704 154 692 142 675 129 663 125 646 125Z\"><\/path><\/svg>\t\t\t\t\t\t<\/div>\n\t\t\t\t\t\t<div class=\"elementor-swiper-button elementor-swiper-button-next\" role=\"button\" tabindex=\"0\" aria-label=\"Next slide\">\n\t\t\t\t\t\t\t<svg aria-hidden=\"true\" class=\"e-font-icon-svg e-eicon-chevron-right\" viewBox=\"0 0 1000 1000\" xmlns=\"http:\/\/www.w3.org\/2000\/svg\"><path d=\"M696 533C708 521 713 504 713 487 713 471 708 454 696 446L400 146C388 133 375 125 354 125 338 125 325 129 313 142 300 154 292 171 292 187 292 204 296 221 308 233L563 492 304 771C292 783 288 800 288 817 288 833 296 850 308 863 321 871 338 875 354 875 371 875 388 867 400 854L696 533Z\"><\/path><\/svg>\t\t\t\t\t\t<\/div>\n\t\t\t\t\t\t\t\t\t\t\t\t\t\t\t\t\t<\/div>\n\t\t\t\t\t\t\t\t<\/div>\n\t\t\t\t<\/div>\n\t\t<div class=\"elementor-element elementor-element-f8826e9 e-flex e-con-boxed wpr-particle-no wpr-jarallax-no wpr-parallax-no wpr-sticky-section-no e-con e-parent\" data-id=\"f8826e9\" data-element_type=\"container\" data-settings=\"{&quot;background_background&quot;:&quot;classic&quot;}\">\n\t\t\t\t\t<div class=\"e-con-inner\">\n\t\t<div class=\"elementor-element elementor-element-9368c81 e-con-full e-flex wpr-particle-no wpr-jarallax-no wpr-parallax-no wpr-sticky-section-no e-con e-child\" data-id=\"9368c81\" data-element_type=\"container\">\n\t\t\t\t<div class=\"elementor-element elementor-element-e4b4e04 elementor-widget elementor-widget-text-editor\" data-id=\"e4b4e04\" data-element_type=\"widget\" data-widget_type=\"text-editor.default\">\n\t\t\t\t\t\t\t\t\t<p>CARACTERISTICAS<\/p>\t\t\t\t\t\t\t\t<\/div>\n\t\t\t\t<div class=\"elementor-element elementor-element-f7688ff elementor-widget elementor-widget-text-editor\" data-id=\"f7688ff\" data-element_type=\"widget\" data-widget_type=\"text-editor.default\">\n\t\t\t\t\t\t\t\t\t<p><span style=\"font-weight: 400;\">21 \u2013 25 m\u00b2<\/span><span style=\"font-weight: 400;\"><br \/><\/span><span style=\"font-weight: 400;\">M\u00e1x. 2 personas<\/span><span style=\"font-weight: 400;\"><br \/><\/span><span style=\"font-weight: 400;\">Cama doble<\/span><span style=\"font-weight: 400;\"><br \/><\/span><span style=\"font-weight: 400;\">Exterior<\/span><\/p><p><span style=\"text-decoration: underline;\">Servicios<br \/><\/span><span style=\"font-weight: 400;\">Climatizaci\u00f3n individual<\/span><span style=\"font-weight: 400;\"><br \/><\/span><span style=\"font-weight: 400;\">Wifi gratuito<\/span><span style=\"font-weight: 400;\"><br \/><\/span><span style=\"font-weight: 400;\">Televisi\u00f3n<\/span><span style=\"font-weight: 400;\"><br \/><\/span><span style=\"font-weight: 400;\">Minibar<\/span><span style=\"font-weight: 400;\"><br \/><\/span><span style=\"font-weight: 400;\">Caja fuerte<\/span><span style=\"font-weight: 400;\"><br \/><\/span><span style=\"font-weight: 400;\">Escritorio<\/span><span style=\"font-weight: 400;\"><br \/><\/span><span style=\"font-weight: 400;\">Servicio de habitaciones<\/span><\/p><p><span style=\"text-decoration: underline;\">Ba\u00f1o<br \/><\/span><span style=\"font-weight: 400;\">Ba\u00f1era con ducha<\/span><span style=\"font-weight: 400;\"><br \/><\/span><span style=\"font-weight: 400;\">Amenities<\/span><span style=\"font-weight: 400;\"><br \/><\/span><span style=\"font-weight: 400;\">Secador de pelo<\/span><span style=\"font-weight: 400;\"><br \/><\/span><span style=\"font-weight: 400;\">Zapatillas<\/span><span style=\"font-weight: 400;\"><br \/><\/span><span style=\"font-weight: 400;\">Toallas<\/span><\/p>\t\t\t\t\t\t\t\t<\/div>\n\t\t\t\t<\/div>\n\t\t<div class=\"elementor-element elementor-element-e510ed3 e-con-full e-flex wpr-particle-no wpr-jarallax-no wpr-parallax-no wpr-sticky-section-no e-con e-child\" data-id=\"e510ed3\" data-element_type=\"container\">\n\t\t\t\t<div class=\"elementor-element elementor-element-74bda36 elementor-widget elementor-widget-image\" data-id=\"74bda36\" data-element_type=\"widget\" data-widget_type=\"image.default\">\n\t\t\t\t\t\t\t\t\t\t\t\t\t\t\t<img decoding=\"async\" width=\"655\" height=\"1000\" src=\"https:\/\/casainquieta.es\/inicio\/wp-content\/uploads\/2026\/03\/FOTO_DERECHA2.jpg\" class=\"attachment-large size-large wp-image-4006\" alt=\"\" srcset=\"https:\/\/casainquieta.es\/inicio\/wp-content\/uploads\/2026\/03\/FOTO_DERECHA2.jpg 655w, https:\/\/casainquieta.es\/inicio\/wp-content\/uploads\/2026\/03\/FOTO_DERECHA2-197x300.jpg 197w\" sizes=\"(max-width: 655px) 100vw, 655px\" \/>\t\t\t\t\t\t\t\t\t\t\t\t\t\t\t<\/div>\n\t\t\t\t<\/div>\n\t\t\t\t\t<\/div>\n\t\t\t\t<\/div>\n\t\t<div class=\"elementor-element elementor-element-7f347fc e-con-full e-flex wpr-particle-no wpr-jarallax-no wpr-parallax-no wpr-sticky-section-no e-con e-parent\" data-id=\"7f347fc\" data-element_type=\"container\">\n\t\t\t\t<div class=\"elementor-element elementor-element-091adaa elementor--h-position-center elementor--v-position-middle elementor-arrows-position-inside elementor-widget elementor-widget-slides\" data-id=\"091adaa\" data-element_type=\"widget\" data-settings=\"{&quot;navigation&quot;:&quot;arrows&quot;,&quot;autoplay&quot;:&quot;yes&quot;,&quot;pause_on_hover&quot;:&quot;yes&quot;,&quot;pause_on_interaction&quot;:&quot;yes&quot;,&quot;autoplay_speed&quot;:5000,&quot;infinite&quot;:&quot;yes&quot;,&quot;transition&quot;:&quot;slide&quot;,&quot;transition_speed&quot;:500}\" data-widget_type=\"slides.default\">\n\t\t\t\t\t\t\t\t\t\t<div class=\"elementor-slides-wrapper elementor-main-swiper swiper\" role=\"region\" aria-roledescription=\"carousel\" aria-label=\"Slides\" dir=\"ltr\" data-animation=\"fadeInUp\">\n\t\t\t\t<div class=\"swiper-wrapper elementor-slides\">\n\t\t\t\t\t\t\t\t\t\t<div class=\"elementor-repeater-item-e983670 swiper-slide\" role=\"group\" aria-roledescription=\"slide\"><div class=\"swiper-slide-bg\" role=\"img\" aria-label=\"01 (3)\"><\/div><div class=\"swiper-slide-inner\" ><div class=\"swiper-slide-contents\"><div  class=\"elementor-button elementor-slide-button elementor-size-sm\">VER HABITACI\u00d3N<\/div><\/div><\/div><\/div><div class=\"elementor-repeater-item-603ff85 swiper-slide\" role=\"group\" aria-roledescription=\"slide\"><div class=\"swiper-slide-bg\" role=\"img\" aria-label=\"02 (3)\"><\/div><div class=\"swiper-slide-inner\" ><div class=\"swiper-slide-contents\"><div  class=\"elementor-button elementor-slide-button elementor-size-sm\">VER HABITACI\u00d3N<\/div><\/div><\/div><\/div><div class=\"elementor-repeater-item-807871a swiper-slide\" role=\"group\" aria-roledescription=\"slide\"><div class=\"swiper-slide-bg\" role=\"img\" aria-label=\"03 (3)\"><\/div><div class=\"swiper-slide-inner\" ><div class=\"swiper-slide-contents\"><div  class=\"elementor-button elementor-slide-button elementor-size-sm\">VER HABITACI\u00d3N<\/div><\/div><\/div><\/div><div class=\"elementor-repeater-item-2bbbb6a swiper-slide\" role=\"group\" aria-roledescription=\"slide\"><div class=\"swiper-slide-bg\" role=\"img\" aria-label=\"04 (3)\"><\/div><div class=\"swiper-slide-inner\" ><div class=\"swiper-slide-contents\"><div  class=\"elementor-button elementor-slide-button elementor-size-sm\">VER HABITACI\u00d3N<\/div><\/div><\/div><\/div><div class=\"elementor-repeater-item-b1180db swiper-slide\" role=\"group\" aria-roledescription=\"slide\"><div class=\"swiper-slide-bg\" role=\"img\" aria-label=\"05 (3)\"><\/div><div class=\"swiper-slide-inner\" ><div class=\"swiper-slide-contents\"><div  class=\"elementor-button elementor-slide-button elementor-size-sm\">VER HABITACI\u00d3N<\/div><\/div><\/div><\/div><div class=\"elementor-repeater-item-723ae5e swiper-slide\" role=\"group\" aria-roledescription=\"slide\"><div class=\"swiper-slide-bg\" role=\"img\" aria-label=\"06 (3)\"><\/div><div class=\"swiper-slide-inner\" ><div class=\"swiper-slide-contents\"><div  class=\"elementor-button elementor-slide-button elementor-size-sm\">VER HABITACI\u00d3N<\/div><\/div><\/div><\/div>\t\t\t\t<\/div>\n\t\t\t\t\t\t\t\t\t\t\t\t\t\t\t<div class=\"elementor-swiper-button elementor-swiper-button-prev\" role=\"button\" tabindex=\"0\" aria-label=\"Previous slide\">\n\t\t\t\t\t\t\t<svg aria-hidden=\"true\" class=\"e-font-icon-svg e-eicon-chevron-left\" viewBox=\"0 0 1000 1000\" xmlns=\"http:\/\/www.w3.org\/2000\/svg\"><path d=\"M646 125C629 125 613 133 604 142L308 442C296 454 292 471 292 487 292 504 296 521 308 533L604 854C617 867 629 875 646 875 663 875 679 871 692 858 704 846 713 829 713 812 713 796 708 779 692 767L438 487 692 225C700 217 708 204 708 187 708 171 704 154 692 142 675 129 663 125 646 125Z\"><\/path><\/svg>\t\t\t\t\t\t<\/div>\n\t\t\t\t\t\t<div class=\"elementor-swiper-button elementor-swiper-button-next\" role=\"button\" tabindex=\"0\" aria-label=\"Next slide\">\n\t\t\t\t\t\t\t<svg aria-hidden=\"true\" class=\"e-font-icon-svg e-eicon-chevron-right\" viewBox=\"0 0 1000 1000\" xmlns=\"http:\/\/www.w3.org\/2000\/svg\"><path d=\"M696 533C708 521 713 504 713 487 713 471 708 454 696 446L400 146C388 133 375 125 354 125 338 125 325 129 313 142 300 154 292 171 292 187 292 204 296 221 308 233L563 492 304 771C292 783 288 800 288 817 288 833 296 850 308 863 321 871 338 875 354 875 371 875 388 867 400 854L696 533Z\"><\/path><\/svg>\t\t\t\t\t\t<\/div>\n\t\t\t\t\t\t\t\t\t\t\t\t\t\t\t\t\t<\/div>\n\t\t\t\t\t\t\t\t<\/div>\n\t\t\t\t<\/div>\n\t\t\t\t<\/div>\n\t\t","protected":false},"excerpt":{"rendered":"<p>DOBLE DELUXE &#8211; INTERIOR. La forma m\u00e1s contenida de la casa. M\u00c1S QUE UNA HABITACI\u00d3N,UNA FORMA DE ESTAR. La ciudad aparece, sin imponerse, formando parte de la experiencia. M\u00e1s amplitud, m\u00e1s presencia, pero manteniendo el mismo lenguaje de Casa Inquieta: cuidado, proporci\u00f3n y una forma natural de habitar el espacio. Una opci\u00f3n para quienes buscan algo m\u00e1s abierto dentro de la misma casa RESERVAR HABITACI\u00d3N CARACTERISTICAS 21 \u2013 25 m\u00b2M\u00e1x. 2 personasCama dobleExterior ServiciosClimatizaci\u00f3n individualWifi gratuitoTelevisi\u00f3nMinibarCaja fuerteEscritorioServicio de habitaciones Ba\u00f1oBa\u00f1era con duchaAmenitiesSecador de peloZapatillasToallas VER HABITACI\u00d3NVER HABITACI\u00d3NVER HABITACI\u00d3NVER HABITACI\u00d3NVER HABITACI\u00d3NVER HABITACI\u00d3N<\/p>\n","protected":false},"author":1,"featured_media":0,"parent":0,"menu_order":0,"comment_status":"closed","ping_status":"closed","template":"","meta":{"footnotes":""},"class_list":["post-4042","page","type-page","status-publish","hentry"],"yoast_head":"<!-- This site is optimized with the Yoast SEO plugin v26.8 - https:\/\/yoast.com\/product\/yoast-seo-wordpress\/ -->\n<title>DOBLE DELUXE -<\/title>\n<meta name=\"robots\" content=\"index, follow, max-snippet:-1, max-image-preview:large, max-video-preview:-1\" \/>\n<link rel=\"canonical\" href=\"https:\/\/casainquieta.es\/inicio\/doble-deluxe\/\" \/>\n<meta property=\"og:locale\" content=\"en_US\" \/>\n<meta property=\"og:type\" content=\"article\" \/>\n<meta property=\"og:title\" content=\"DOBLE DELUXE -\" \/>\n<meta property=\"og:description\" content=\"DOBLE DELUXE &#8211; INTERIOR. La forma m\u00e1s contenida de la casa. M\u00c1S QUE UNA HABITACI\u00d3N,UNA FORMA DE ESTAR. La ciudad aparece, sin imponerse, formando parte de la experiencia. M\u00e1s amplitud, m\u00e1s presencia, pero manteniendo el mismo lenguaje de Casa Inquieta: cuidado, proporci\u00f3n y una forma natural de habitar el espacio. Una opci\u00f3n para quienes buscan algo m\u00e1s abierto dentro de la misma casa RESERVAR HABITACI\u00d3N CARACTERISTICAS 21 \u2013 25 m\u00b2M\u00e1x. 2 personasCama dobleExterior ServiciosClimatizaci\u00f3n individualWifi gratuitoTelevisi\u00f3nMinibarCaja fuerteEscritorioServicio de habitaciones Ba\u00f1oBa\u00f1era con duchaAmenitiesSecador de peloZapatillasToallas VER HABITACI\u00d3NVER HABITACI\u00d3NVER HABITACI\u00d3NVER HABITACI\u00d3NVER HABITACI\u00d3NVER HABITACI\u00d3N\" \/>\n<meta property=\"og:url\" content=\"https:\/\/casainquieta.es\/inicio\/doble-deluxe\/\" \/>\n<meta property=\"article:modified_time\" content=\"2026-03-27T16:54:04+00:00\" \/>\n<meta property=\"og:image\" content=\"https:\/\/casainquieta.es\/inicio\/wp-content\/uploads\/2026\/03\/FOTO_IZQUIERDA2.jpg\" \/>\n\t<meta property=\"og:image:width\" content=\"655\" \/>\n\t<meta property=\"og:image:height\" content=\"1000\" \/>\n\t<meta property=\"og:image:type\" content=\"image\/jpeg\" \/>\n<meta name=\"twitter:card\" content=\"summary_large_image\" \/>\n<meta name=\"twitter:label1\" content=\"Est. reading time\" \/>\n\t<meta name=\"twitter:data1\" content=\"1 minute\" \/>\n<script type=\"application\/ld+json\" class=\"yoast-schema-graph\">{\"@context\":\"https:\/\/schema.org\",\"@graph\":[{\"@type\":\"WebPage\",\"@id\":\"https:\/\/casainquieta.es\/inicio\/doble-deluxe\/\",\"url\":\"https:\/\/casainquieta.es\/inicio\/doble-deluxe\/\",\"name\":\"DOBLE DELUXE -\",\"isPartOf\":{\"@id\":\"https:\/\/casainquieta.es\/inicio\/#website\"},\"primaryImageOfPage\":{\"@id\":\"https:\/\/casainquieta.es\/inicio\/doble-deluxe\/#primaryimage\"},\"image\":{\"@id\":\"https:\/\/casainquieta.es\/inicio\/doble-deluxe\/#primaryimage\"},\"thumbnailUrl\":\"https:\/\/casainquieta.es\/inicio\/wp-content\/uploads\/2026\/03\/FOTO_IZQUIERDA2.jpg\",\"datePublished\":\"2026-03-27T16:39:28+00:00\",\"dateModified\":\"2026-03-27T16:54:04+00:00\",\"breadcrumb\":{\"@id\":\"https:\/\/casainquieta.es\/inicio\/doble-deluxe\/#breadcrumb\"},\"inLanguage\":\"en-US\",\"potentialAction\":[{\"@type\":\"ReadAction\",\"target\":[\"https:\/\/casainquieta.es\/inicio\/doble-deluxe\/\"]}]},{\"@type\":\"ImageObject\",\"inLanguage\":\"en-US\",\"@id\":\"https:\/\/casainquieta.es\/inicio\/doble-deluxe\/#primaryimage\",\"url\":\"https:\/\/casainquieta.es\/inicio\/wp-content\/uploads\/2026\/03\/FOTO_IZQUIERDA2.jpg\",\"contentUrl\":\"https:\/\/casainquieta.es\/inicio\/wp-content\/uploads\/2026\/03\/FOTO_IZQUIERDA2.jpg\",\"width\":655,\"height\":1000},{\"@type\":\"BreadcrumbList\",\"@id\":\"https:\/\/casainquieta.es\/inicio\/doble-deluxe\/#breadcrumb\",\"itemListElement\":[{\"@type\":\"ListItem\",\"position\":1,\"name\":\"Portada\",\"item\":\"https:\/\/casainquieta.es\/inicio\/\"},{\"@type\":\"ListItem\",\"position\":2,\"name\":\"DOBLE DELUXE\"}]},{\"@type\":\"WebSite\",\"@id\":\"https:\/\/casainquieta.es\/inicio\/#website\",\"url\":\"https:\/\/casainquieta.es\/inicio\/\",\"name\":\"\",\"description\":\"\",\"potentialAction\":[{\"@type\":\"SearchAction\",\"target\":{\"@type\":\"EntryPoint\",\"urlTemplate\":\"https:\/\/casainquieta.es\/inicio\/?s={search_term_string}\"},\"query-input\":{\"@type\":\"PropertyValueSpecification\",\"valueRequired\":true,\"valueName\":\"search_term_string\"}}],\"inLanguage\":\"en-US\"}]}<\/script>\n<!-- \/ Yoast SEO plugin. -->","yoast_head_json":{"title":"DOBLE DELUXE -","robots":{"index":"index","follow":"follow","max-snippet":"max-snippet:-1","max-image-preview":"max-image-preview:large","max-video-preview":"max-video-preview:-1"},"canonical":"https:\/\/casainquieta.es\/inicio\/doble-deluxe\/","og_locale":"en_US","og_type":"article","og_title":"DOBLE DELUXE -","og_description":"DOBLE DELUXE &#8211; INTERIOR. La forma m\u00e1s contenida de la casa. M\u00c1S QUE UNA HABITACI\u00d3N,UNA FORMA DE ESTAR. La ciudad aparece, sin imponerse, formando parte de la experiencia. M\u00e1s amplitud, m\u00e1s presencia, pero manteniendo el mismo lenguaje de Casa Inquieta: cuidado, proporci\u00f3n y una forma natural de habitar el espacio. Una opci\u00f3n para quienes buscan algo m\u00e1s abierto dentro de la misma casa RESERVAR HABITACI\u00d3N CARACTERISTICAS 21 \u2013 25 m\u00b2M\u00e1x. 2 personasCama dobleExterior ServiciosClimatizaci\u00f3n individualWifi gratuitoTelevisi\u00f3nMinibarCaja fuerteEscritorioServicio de habitaciones Ba\u00f1oBa\u00f1era con duchaAmenitiesSecador de peloZapatillasToallas VER HABITACI\u00d3NVER HABITACI\u00d3NVER HABITACI\u00d3NVER HABITACI\u00d3NVER HABITACI\u00d3NVER HABITACI\u00d3N","og_url":"https:\/\/casainquieta.es\/inicio\/doble-deluxe\/","article_modified_time":"2026-03-27T16:54:04+00:00","og_image":[{"width":655,"height":1000,"url":"https:\/\/casainquieta.es\/inicio\/wp-content\/uploads\/2026\/03\/FOTO_IZQUIERDA2.jpg","type":"image\/jpeg"}],"twitter_card":"summary_large_image","twitter_misc":{"Est. reading time":"1 minute"},"schema":{"@context":"https:\/\/schema.org","@graph":[{"@type":"WebPage","@id":"https:\/\/casainquieta.es\/inicio\/doble-deluxe\/","url":"https:\/\/casainquieta.es\/inicio\/doble-deluxe\/","name":"DOBLE DELUXE -","isPartOf":{"@id":"https:\/\/casainquieta.es\/inicio\/#website"},"primaryImageOfPage":{"@id":"https:\/\/casainquieta.es\/inicio\/doble-deluxe\/#primaryimage"},"image":{"@id":"https:\/\/casainquieta.es\/inicio\/doble-deluxe\/#primaryimage"},"thumbnailUrl":"https:\/\/casainquieta.es\/inicio\/wp-content\/uploads\/2026\/03\/FOTO_IZQUIERDA2.jpg","datePublished":"2026-03-27T16:39:28+00:00","dateModified":"2026-03-27T16:54:04+00:00","breadcrumb":{"@id":"https:\/\/casainquieta.es\/inicio\/doble-deluxe\/#breadcrumb"},"inLanguage":"en-US","potentialAction":[{"@type":"ReadAction","target":["https:\/\/casainquieta.es\/inicio\/doble-deluxe\/"]}]},{"@type":"ImageObject","inLanguage":"en-US","@id":"https:\/\/casainquieta.es\/inicio\/doble-deluxe\/#primaryimage","url":"https:\/\/casainquieta.es\/inicio\/wp-content\/uploads\/2026\/03\/FOTO_IZQUIERDA2.jpg","contentUrl":"https:\/\/casainquieta.es\/inicio\/wp-content\/uploads\/2026\/03\/FOTO_IZQUIERDA2.jpg","width":655,"height":1000},{"@type":"BreadcrumbList","@id":"https:\/\/casainquieta.es\/inicio\/doble-deluxe\/#breadcrumb","itemListElement":[{"@type":"ListItem","position":1,"name":"Portada","item":"https:\/\/casainquieta.es\/inicio\/"},{"@type":"ListItem","position":2,"name":"DOBLE DELUXE"}]},{"@type":"WebSite","@id":"https:\/\/casainquieta.es\/inicio\/#website","url":"https:\/\/casainquieta.es\/inicio\/","name":"","description":"","potentialAction":[{"@type":"SearchAction","target":{"@type":"EntryPoint","urlTemplate":"https:\/\/casainquieta.es\/inicio\/?s={search_term_string}"},"query-input":{"@type":"PropertyValueSpecification","valueRequired":true,"valueName":"search_term_string"}}],"inLanguage":"en-US"}]}},"acf":[],"_links":{"self":[{"href":"https:\/\/casainquieta.es\/inicio\/wp-json\/wp\/v2\/pages\/4042","targetHints":{"allow":["GET"]}}],"collection":[{"href":"https:\/\/casainquieta.es\/inicio\/wp-json\/wp\/v2\/pages"}],"about":[{"href":"https:\/\/casainquieta.es\/inicio\/wp-json\/wp\/v2\/types\/page"}],"author":[{"embeddable":true,"href":"https:\/\/casainquieta.es\/inicio\/wp-json\/wp\/v2\/users\/1"}],"replies":[{"embeddable":true,"href":"https:\/\/casainquieta.es\/inicio\/wp-json\/wp\/v2\/comments?post=4042"}],"version-history":[{"count":7,"href":"https:\/\/casainquieta.es\/inicio\/wp-json\/wp\/v2\/pages\/4042\/revisions"}],"predecessor-version":[{"id":4056,"href":"https:\/\/casainquieta.es\/inicio\/wp-json\/wp\/v2\/pages\/4042\/revisions\/4056"}],"wp:attachment":[{"href":"https:\/\/casainquieta.es\/inicio\/wp-json\/wp\/v2\/media?parent=4042"}],"curies":[{"name":"wp","href":"https:\/\/api.w.org\/{rel}","templated":true}]}}