{"id":4060,"date":"2026-03-27T17:01:55","date_gmt":"2026-03-27T17:01:55","guid":{"rendered":"https:\/\/casainquieta.es\/inicio\/?page_id=4060"},"modified":"2026-03-27T17:29:14","modified_gmt":"2026-03-27T17:29:14","slug":"suite-junior","status":"publish","type":"page","link":"https:\/\/casainquieta.es\/inicio\/suite-junior\/","title":{"rendered":"SUITE JUNIOR"},"content":{"rendered":"\t\t<div data-elementor-type=\"wp-page\" data-elementor-id=\"4060\" class=\"elementor elementor-4060\" data-elementor-post-type=\"page\">\n\t\t\t\t<div class=\"elementor-element elementor-element-86360b1 e-con-full e-flex wpr-particle-no wpr-jarallax-no wpr-parallax-no wpr-sticky-section-no e-con e-parent\" data-id=\"86360b1\" data-element_type=\"container\" data-settings=\"{&quot;background_background&quot;:&quot;classic&quot;}\">\n\t\t<div class=\"elementor-element elementor-element-db7ab87 e-grid e-con-boxed wpr-particle-no wpr-jarallax-no wpr-parallax-no wpr-sticky-section-no e-con e-child\" data-id=\"db7ab87\" data-element_type=\"container\">\n\t\t\t\t\t<div class=\"e-con-inner\">\n\t\t\t\t<div class=\"elementor-element elementor-element-347f015 elementor-widget-mobile__width-initial elementor-widget elementor-widget-text-editor\" data-id=\"347f015\" data-element_type=\"widget\" data-widget_type=\"text-editor.default\">\n\t\t\t\t\t\t\t\t\t<p>SUITE JUNIOR<\/p>\t\t\t\t\t\t\t\t<\/div>\n\t\t\t\t<div class=\"elementor-element elementor-element-6614fef elementor-widget elementor-widget-text-editor\" data-id=\"6614fef\" data-element_type=\"widget\" data-widget_type=\"text-editor.default\">\n\t\t\t\t\t\t\t\t\t<p><span style=\"font-weight: 400;\">La estancia m\u00e1s amplia de la casa.<\/span><\/p>\t\t\t\t\t\t\t\t<\/div>\n\t\t\t\t\t<\/div>\n\t\t\t\t<\/div>\n\t\t\t\t<\/div>\n\t\t<div class=\"elementor-element elementor-element-761af94 e-flex e-con-boxed wpr-particle-no wpr-jarallax-no wpr-parallax-no wpr-sticky-section-no e-con e-parent\" data-id=\"761af94\" data-element_type=\"container\" data-settings=\"{&quot;background_background&quot;:&quot;classic&quot;}\">\n\t\t\t\t\t<div class=\"e-con-inner\">\n\t\t<div class=\"elementor-element elementor-element-1e92d06 e-con-full e-flex wpr-particle-no wpr-jarallax-no wpr-parallax-no wpr-sticky-section-no e-con e-child\" data-id=\"1e92d06\" data-element_type=\"container\">\n\t\t\t\t<div class=\"elementor-element elementor-element-570735f elementor-widget__width-initial elementor-widget elementor-widget-image\" data-id=\"570735f\" data-element_type=\"widget\" data-widget_type=\"image.default\">\n\t\t\t\t\t\t\t\t\t\t\t\t\t\t\t<img fetchpriority=\"high\" decoding=\"async\" width=\"655\" height=\"1000\" src=\"https:\/\/casainquieta.es\/inicio\/wp-content\/uploads\/2026\/03\/FOTO_IZQUIERDA3.jpg\" class=\"attachment-large size-large wp-image-4068\" alt=\"\" srcset=\"https:\/\/casainquieta.es\/inicio\/wp-content\/uploads\/2026\/03\/FOTO_IZQUIERDA3.jpg 655w, https:\/\/casainquieta.es\/inicio\/wp-content\/uploads\/2026\/03\/FOTO_IZQUIERDA3-197x300.jpg 197w\" sizes=\"(max-width: 655px) 100vw, 655px\" \/>\t\t\t\t\t\t\t\t\t\t\t\t\t\t\t<\/div>\n\t\t\t\t<\/div>\n\t\t<div class=\"elementor-element elementor-element-e6c1dc3 e-con-full e-flex wpr-particle-no wpr-jarallax-no wpr-parallax-no wpr-sticky-section-no e-con e-child\" data-id=\"e6c1dc3\" data-element_type=\"container\">\n\t\t\t\t<div class=\"elementor-element elementor-element-c8096d8 elementor-widget elementor-widget-text-editor\" data-id=\"c8096d8\" data-element_type=\"widget\" data-widget_type=\"text-editor.default\">\n\t\t\t\t\t\t\t\t\t<p><span style=\"font-weight: 400;\">M\u00c1S QUE UNA HABITACI\u00d3N, UNA FORMA DE ESTAR.<\/span><\/p>\t\t\t\t\t\t\t\t<\/div>\n\t\t\t\t<div class=\"elementor-element elementor-element-bb07a96 elementor-widget elementor-widget-text-editor\" data-id=\"bb07a96\" data-element_type=\"widget\" data-widget_type=\"text-editor.default\">\n\t\t\t\t\t\t\t\t\t<p><span style=\"font-weight: 400;\">La Suite Junior ampl\u00eda la experiencia de Casa Inquieta desde dentro. Un espacio donde la estancia se abre y la casa se vive con otra dimensi\u00f3n. Aqu\u00ed el tiempo se organiza de otra manera. El dormitorio y la zona de estar conviven en un mismo ambiente, manteniendo el lenguaje de la casa y su forma natural de estar en Sevilla. Pensada para quienes buscan m\u00e1s espacio y una estancia m\u00e1s completa dentro del mismo concepto<\/span><\/p>\t\t\t\t\t\t\t\t<\/div>\n\t\t\t\t<div class=\"elementor-element elementor-element-3216cf1 elementor-align-left elementor-mobile-align-center elementor-widget elementor-widget-button\" data-id=\"3216cf1\" data-element_type=\"widget\" data-widget_type=\"button.default\">\n\t\t\t\t\t\t\t\t\t\t<a class=\"elementor-button elementor-button-link elementor-size-sm\" href=\"#\">\n\t\t\t\t\t\t<span class=\"elementor-button-content-wrapper\">\n\t\t\t\t\t\t\t\t\t<span class=\"elementor-button-text\">RESERVAR HABITACI\u00d3N<\/span>\n\t\t\t\t\t<\/span>\n\t\t\t\t\t<\/a>\n\t\t\t\t\t\t\t\t<\/div>\n\t\t\t\t<\/div>\n\t\t\t\t\t<\/div>\n\t\t\t\t<\/div>\n\t\t<div class=\"elementor-element elementor-element-2b881d6 e-con-full e-flex wpr-particle-no wpr-jarallax-no wpr-parallax-no wpr-sticky-section-no e-con e-parent\" data-id=\"2b881d6\" data-element_type=\"container\">\n\t\t\t\t<div class=\"elementor-element elementor-element-ad7f40b elementor--h-position-center elementor--v-position-middle elementor-arrows-position-inside elementor-widget elementor-widget-slides\" data-id=\"ad7f40b\" data-element_type=\"widget\" data-settings=\"{&quot;navigation&quot;:&quot;arrows&quot;,&quot;autoplay&quot;:&quot;yes&quot;,&quot;pause_on_hover&quot;:&quot;yes&quot;,&quot;pause_on_interaction&quot;:&quot;yes&quot;,&quot;autoplay_speed&quot;:5000,&quot;infinite&quot;:&quot;yes&quot;,&quot;transition&quot;:&quot;slide&quot;,&quot;transition_speed&quot;:500}\" data-widget_type=\"slides.default\">\n\t\t\t\t\t\t\t\t\t\t<div class=\"elementor-slides-wrapper elementor-main-swiper swiper\" role=\"region\" aria-roledescription=\"carousel\" aria-label=\"Slides\" dir=\"ltr\" data-animation=\"fadeInUp\">\n\t\t\t\t<div class=\"swiper-wrapper elementor-slides\">\n\t\t\t\t\t\t\t\t\t\t<div class=\"elementor-repeater-item-e983670 swiper-slide\" role=\"group\" aria-roledescription=\"slide\"><div class=\"swiper-slide-bg\" role=\"img\" aria-label=\"01 (2)\"><\/div><div class=\"swiper-slide-inner\" ><div class=\"swiper-slide-contents\"><\/div><\/div><\/div><div class=\"elementor-repeater-item-ad2ef2d swiper-slide\" role=\"group\" aria-roledescription=\"slide\"><div class=\"swiper-slide-bg\" role=\"img\" aria-label=\"02 (2)\"><\/div><div class=\"swiper-slide-inner\" ><div class=\"swiper-slide-contents\"><\/div><\/div><\/div><div class=\"elementor-repeater-item-7c52634 swiper-slide\" role=\"group\" aria-roledescription=\"slide\"><div class=\"swiper-slide-bg\" role=\"img\" aria-label=\"03 (2)\"><\/div><div class=\"swiper-slide-inner\" ><div class=\"swiper-slide-contents\"><\/div><\/div><\/div><div class=\"elementor-repeater-item-54f2c0d swiper-slide\" role=\"group\" aria-roledescription=\"slide\"><div class=\"swiper-slide-bg\" role=\"img\" aria-label=\"04 (2)\"><\/div><div class=\"swiper-slide-inner\" ><div class=\"swiper-slide-contents\"><\/div><\/div><\/div><div class=\"elementor-repeater-item-1f3362d swiper-slide\" role=\"group\" aria-roledescription=\"slide\"><div class=\"swiper-slide-bg\" role=\"img\" aria-label=\"05 (2)\"><\/div><div class=\"swiper-slide-inner\" ><div class=\"swiper-slide-contents\"><\/div><\/div><\/div><div class=\"elementor-repeater-item-ca154e5 swiper-slide\" role=\"group\" aria-roledescription=\"slide\"><div class=\"swiper-slide-bg\" role=\"img\" aria-label=\"06 (2)\"><\/div><div class=\"swiper-slide-inner\" ><div class=\"swiper-slide-contents\"><\/div><\/div><\/div>\t\t\t\t<\/div>\n\t\t\t\t\t\t\t\t\t\t\t\t\t\t\t<div class=\"elementor-swiper-button elementor-swiper-button-prev\" role=\"button\" tabindex=\"0\" aria-label=\"Previous slide\">\n\t\t\t\t\t\t\t<svg aria-hidden=\"true\" class=\"e-font-icon-svg e-eicon-chevron-left\" viewBox=\"0 0 1000 1000\" xmlns=\"http:\/\/www.w3.org\/2000\/svg\"><path d=\"M646 125C629 125 613 133 604 142L308 442C296 454 292 471 292 487 292 504 296 521 308 533L604 854C617 867 629 875 646 875 663 875 679 871 692 858 704 846 713 829 713 812 713 796 708 779 692 767L438 487 692 225C700 217 708 204 708 187 708 171 704 154 692 142 675 129 663 125 646 125Z\"><\/path><\/svg>\t\t\t\t\t\t<\/div>\n\t\t\t\t\t\t<div class=\"elementor-swiper-button elementor-swiper-button-next\" role=\"button\" tabindex=\"0\" aria-label=\"Next slide\">\n\t\t\t\t\t\t\t<svg aria-hidden=\"true\" class=\"e-font-icon-svg e-eicon-chevron-right\" viewBox=\"0 0 1000 1000\" xmlns=\"http:\/\/www.w3.org\/2000\/svg\"><path d=\"M696 533C708 521 713 504 713 487 713 471 708 454 696 446L400 146C388 133 375 125 354 125 338 125 325 129 313 142 300 154 292 171 292 187 292 204 296 221 308 233L563 492 304 771C292 783 288 800 288 817 288 833 296 850 308 863 321 871 338 875 354 875 371 875 388 867 400 854L696 533Z\"><\/path><\/svg>\t\t\t\t\t\t<\/div>\n\t\t\t\t\t\t\t\t\t\t\t\t\t\t\t\t\t<\/div>\n\t\t\t\t\t\t\t\t<\/div>\n\t\t\t\t<\/div>\n\t\t<div class=\"elementor-element elementor-element-f8826e9 e-flex e-con-boxed wpr-particle-no wpr-jarallax-no wpr-parallax-no wpr-sticky-section-no e-con e-parent\" data-id=\"f8826e9\" data-element_type=\"container\" data-settings=\"{&quot;background_background&quot;:&quot;classic&quot;}\">\n\t\t\t\t\t<div class=\"e-con-inner\">\n\t\t<div class=\"elementor-element elementor-element-9368c81 e-con-full e-flex wpr-particle-no wpr-jarallax-no wpr-parallax-no wpr-sticky-section-no e-con e-child\" data-id=\"9368c81\" data-element_type=\"container\">\n\t\t\t\t<div class=\"elementor-element elementor-element-e4b4e04 elementor-widget elementor-widget-text-editor\" data-id=\"e4b4e04\" data-element_type=\"widget\" data-widget_type=\"text-editor.default\">\n\t\t\t\t\t\t\t\t\t<p>CARACTERISTICAS<\/p>\t\t\t\t\t\t\t\t<\/div>\n\t\t\t\t<div class=\"elementor-element elementor-element-f7688ff elementor-widget elementor-widget-text-editor\" data-id=\"f7688ff\" data-element_type=\"widget\" data-widget_type=\"text-editor.default\">\n\t\t\t\t\t\t\t\t\t<p><span style=\"font-weight: 400;\">35 \u2013 36 m\u00b2<br \/><\/span><span style=\"font-weight: 400;\">M\u00e1x. 3 personas<\/span><span style=\"font-weight: 400;\"><br \/><\/span><span style=\"font-weight: 400;\">Cama doble de gran formato<\/span><span style=\"font-weight: 400;\"><br \/><\/span><span style=\"font-weight: 400;\">Zona de estar integrada<\/span><\/p><p><span style=\"text-decoration: underline;\">Servicios<br \/><\/span><span style=\"font-weight: 400;\">Climatizaci\u00f3n individual<\/span><span style=\"font-weight: 400;\"><br \/><\/span><span style=\"font-weight: 400;\">Wifi gratuito<\/span><span style=\"font-weight: 400;\"><br \/><\/span><span style=\"font-weight: 400;\">Televisi\u00f3n<\/span><span style=\"font-weight: 400;\"><br \/><\/span><span style=\"font-weight: 400;\">Minibar<\/span><span style=\"font-weight: 400;\"><br \/><\/span><span style=\"font-weight: 400;\">Caja fuerte<\/span><span style=\"font-weight: 400;\"><br \/><\/span><span style=\"font-weight: 400;\">Escritorio<\/span><span style=\"font-weight: 400;\"><br \/><\/span><span style=\"font-weight: 400;\">Sof\u00e1 cama<br \/><\/span><span style=\"font-weight: 400;\">Servicio de habitaciones<\/span><\/p><p><span style=\"text-decoration: underline;\">Ba\u00f1o<br \/><\/span><span style=\"font-weight: 400;\">Ba\u00f1era con ducha<\/span><span style=\"font-weight: 400;\"><br \/><\/span><span style=\"font-weight: 400;\">Amenities<\/span><span style=\"font-weight: 400;\"><br \/><\/span><span style=\"font-weight: 400;\">Secador de pelo<\/span><span style=\"font-weight: 400;\"><br \/><\/span><span style=\"font-weight: 400;\">Zapatillas<\/span><span style=\"font-weight: 400;\"><br \/><\/span><span style=\"font-weight: 400;\">Toallas<\/span><\/p>\t\t\t\t\t\t\t\t<\/div>\n\t\t\t\t<\/div>\n\t\t<div class=\"elementor-element elementor-element-e510ed3 e-con-full e-flex wpr-particle-no wpr-jarallax-no wpr-parallax-no wpr-sticky-section-no e-con e-child\" data-id=\"e510ed3\" data-element_type=\"container\">\n\t\t\t\t<div class=\"elementor-element elementor-element-74bda36 elementor-widget elementor-widget-image\" data-id=\"74bda36\" data-element_type=\"widget\" data-widget_type=\"image.default\">\n\t\t\t\t\t\t\t\t\t\t\t\t\t\t\t<img decoding=\"async\" width=\"655\" height=\"1000\" src=\"https:\/\/casainquieta.es\/inicio\/wp-content\/uploads\/2026\/03\/FOTO_DERECHA3.jpg\" class=\"attachment-large size-large wp-image-4067\" alt=\"\" srcset=\"https:\/\/casainquieta.es\/inicio\/wp-content\/uploads\/2026\/03\/FOTO_DERECHA3.jpg 655w, https:\/\/casainquieta.es\/inicio\/wp-content\/uploads\/2026\/03\/FOTO_DERECHA3-197x300.jpg 197w\" sizes=\"(max-width: 655px) 100vw, 655px\" \/>\t\t\t\t\t\t\t\t\t\t\t\t\t\t\t<\/div>\n\t\t\t\t<\/div>\n\t\t\t\t\t<\/div>\n\t\t\t\t<\/div>\n\t\t<div class=\"elementor-element elementor-element-7f347fc e-con-full e-flex wpr-particle-no wpr-jarallax-no wpr-parallax-no wpr-sticky-section-no e-con e-parent\" data-id=\"7f347fc\" data-element_type=\"container\">\n\t\t\t\t<div class=\"elementor-element elementor-element-091adaa elementor--h-position-center elementor--v-position-middle elementor-arrows-position-inside elementor-widget elementor-widget-slides\" data-id=\"091adaa\" data-element_type=\"widget\" data-settings=\"{&quot;navigation&quot;:&quot;arrows&quot;,&quot;autoplay&quot;:&quot;yes&quot;,&quot;pause_on_hover&quot;:&quot;yes&quot;,&quot;pause_on_interaction&quot;:&quot;yes&quot;,&quot;autoplay_speed&quot;:5000,&quot;infinite&quot;:&quot;yes&quot;,&quot;transition&quot;:&quot;slide&quot;,&quot;transition_speed&quot;:500}\" data-widget_type=\"slides.default\">\n\t\t\t\t\t\t\t\t\t\t<div class=\"elementor-slides-wrapper elementor-main-swiper swiper\" role=\"region\" aria-roledescription=\"carousel\" aria-label=\"Slides\" dir=\"ltr\" data-animation=\"fadeInUp\">\n\t\t\t\t<div class=\"swiper-wrapper elementor-slides\">\n\t\t\t\t\t\t\t\t\t\t<div class=\"elementor-repeater-item-e983670 swiper-slide\" role=\"group\" aria-roledescription=\"slide\"><div class=\"swiper-slide-bg\" role=\"img\" aria-label=\"01 (2)\"><\/div><div class=\"swiper-slide-inner\" ><div class=\"swiper-slide-contents\"><div  class=\"elementor-button elementor-slide-button elementor-size-sm\">VER HABITACI\u00d3N<\/div><\/div><\/div><\/div><div class=\"elementor-repeater-item-603ff85 swiper-slide\" role=\"group\" aria-roledescription=\"slide\"><div class=\"swiper-slide-bg\" role=\"img\" aria-label=\"02 (2)\"><\/div><div class=\"swiper-slide-inner\" ><div class=\"swiper-slide-contents\"><div  class=\"elementor-button elementor-slide-button elementor-size-sm\">VER HABITACI\u00d3N<\/div><\/div><\/div><\/div><div class=\"elementor-repeater-item-807871a swiper-slide\" role=\"group\" aria-roledescription=\"slide\"><div class=\"swiper-slide-bg\" role=\"img\" aria-label=\"03 (2)\"><\/div><div class=\"swiper-slide-inner\" ><div class=\"swiper-slide-contents\"><div  class=\"elementor-button elementor-slide-button elementor-size-sm\">VER HABITACI\u00d3N<\/div><\/div><\/div><\/div><div class=\"elementor-repeater-item-2bbbb6a swiper-slide\" role=\"group\" aria-roledescription=\"slide\"><div class=\"swiper-slide-bg\" role=\"img\" aria-label=\"04 (2)\"><\/div><div class=\"swiper-slide-inner\" ><div class=\"swiper-slide-contents\"><div  class=\"elementor-button elementor-slide-button elementor-size-sm\">VER HABITACI\u00d3N<\/div><\/div><\/div><\/div><div class=\"elementor-repeater-item-b1180db swiper-slide\" role=\"group\" aria-roledescription=\"slide\"><div class=\"swiper-slide-bg\" role=\"img\" aria-label=\"05 (2)\"><\/div><div class=\"swiper-slide-inner\" ><div class=\"swiper-slide-contents\"><div  class=\"elementor-button elementor-slide-button elementor-size-sm\">VER HABITACI\u00d3N<\/div><\/div><\/div><\/div><div class=\"elementor-repeater-item-723ae5e swiper-slide\" role=\"group\" aria-roledescription=\"slide\"><div class=\"swiper-slide-bg\" role=\"img\" aria-label=\"06 (2)\"><\/div><div class=\"swiper-slide-inner\" ><div class=\"swiper-slide-contents\"><div  class=\"elementor-button elementor-slide-button elementor-size-sm\">VER HABITACI\u00d3N<\/div><\/div><\/div><\/div>\t\t\t\t<\/div>\n\t\t\t\t\t\t\t\t\t\t\t\t\t\t\t<div class=\"elementor-swiper-button elementor-swiper-button-prev\" role=\"button\" tabindex=\"0\" aria-label=\"Previous slide\">\n\t\t\t\t\t\t\t<svg aria-hidden=\"true\" class=\"e-font-icon-svg e-eicon-chevron-left\" viewBox=\"0 0 1000 1000\" xmlns=\"http:\/\/www.w3.org\/2000\/svg\"><path d=\"M646 125C629 125 613 133 604 142L308 442C296 454 292 471 292 487 292 504 296 521 308 533L604 854C617 867 629 875 646 875 663 875 679 871 692 858 704 846 713 829 713 812 713 796 708 779 692 767L438 487 692 225C700 217 708 204 708 187 708 171 704 154 692 142 675 129 663 125 646 125Z\"><\/path><\/svg>\t\t\t\t\t\t<\/div>\n\t\t\t\t\t\t<div class=\"elementor-swiper-button elementor-swiper-button-next\" role=\"button\" tabindex=\"0\" aria-label=\"Next slide\">\n\t\t\t\t\t\t\t<svg aria-hidden=\"true\" class=\"e-font-icon-svg e-eicon-chevron-right\" viewBox=\"0 0 1000 1000\" xmlns=\"http:\/\/www.w3.org\/2000\/svg\"><path d=\"M696 533C708 521 713 504 713 487 713 471 708 454 696 446L400 146C388 133 375 125 354 125 338 125 325 129 313 142 300 154 292 171 292 187 292 204 296 221 308 233L563 492 304 771C292 783 288 800 288 817 288 833 296 850 308 863 321 871 338 875 354 875 371 875 388 867 400 854L696 533Z\"><\/path><\/svg>\t\t\t\t\t\t<\/div>\n\t\t\t\t\t\t\t\t\t\t\t\t\t\t\t\t\t<\/div>\n\t\t\t\t\t\t\t\t<\/div>\n\t\t\t\t<\/div>\n\t\t\t\t<\/div>\n\t\t","protected":false},"excerpt":{"rendered":"<p>SUITE JUNIOR La estancia m\u00e1s amplia de la casa. M\u00c1S QUE UNA HABITACI\u00d3N, UNA FORMA DE ESTAR. La Suite Junior ampl\u00eda la experiencia de Casa Inquieta desde dentro. Un espacio donde la estancia se abre y la casa se vive con otra dimensi\u00f3n. Aqu\u00ed el tiempo se organiza de otra manera. El dormitorio y la zona de estar conviven en un mismo ambiente, manteniendo el lenguaje de la casa y su forma natural de estar en Sevilla. Pensada para quienes buscan m\u00e1s espacio y una estancia m\u00e1s completa dentro del mismo concepto RESERVAR HABITACI\u00d3N CARACTERISTICAS 35 \u2013 36 m\u00b2M\u00e1x. 3 personasCama doble de gran formatoZona de estar integrada ServiciosClimatizaci\u00f3n individualWifi gratuitoTelevisi\u00f3nMinibarCaja fuerteEscritorioSof\u00e1 camaServicio de habitaciones Ba\u00f1oBa\u00f1era con duchaAmenitiesSecador de peloZapatillasToallas VER HABITACI\u00d3NVER HABITACI\u00d3NVER HABITACI\u00d3NVER HABITACI\u00d3NVER HABITACI\u00d3NVER HABITACI\u00d3N<\/p>\n","protected":false},"author":1,"featured_media":0,"parent":0,"menu_order":0,"comment_status":"closed","ping_status":"closed","template":"","meta":{"footnotes":""},"class_list":["post-4060","page","type-page","status-publish","hentry"],"yoast_head":"<!-- This site is optimized with the Yoast SEO plugin v26.8 - https:\/\/yoast.com\/product\/yoast-seo-wordpress\/ -->\n<title>SUITE JUNIOR -<\/title>\n<meta name=\"robots\" content=\"index, follow, max-snippet:-1, max-image-preview:large, max-video-preview:-1\" \/>\n<link rel=\"canonical\" href=\"https:\/\/casainquieta.es\/inicio\/suite-junior\/\" \/>\n<meta property=\"og:locale\" content=\"en_US\" \/>\n<meta property=\"og:type\" content=\"article\" \/>\n<meta property=\"og:title\" content=\"SUITE JUNIOR -\" \/>\n<meta property=\"og:description\" content=\"SUITE JUNIOR La estancia m\u00e1s amplia de la casa. M\u00c1S QUE UNA HABITACI\u00d3N, UNA FORMA DE ESTAR. La Suite Junior ampl\u00eda la experiencia de Casa Inquieta desde dentro. Un espacio donde la estancia se abre y la casa se vive con otra dimensi\u00f3n. Aqu\u00ed el tiempo se organiza de otra manera. El dormitorio y la zona de estar conviven en un mismo ambiente, manteniendo el lenguaje de la casa y su forma natural de estar en Sevilla. Pensada para quienes buscan m\u00e1s espacio y una estancia m\u00e1s completa dentro del mismo concepto RESERVAR HABITACI\u00d3N CARACTERISTICAS 35 \u2013 36 m\u00b2M\u00e1x. 3 personasCama doble de gran formatoZona de estar integrada ServiciosClimatizaci\u00f3n individualWifi gratuitoTelevisi\u00f3nMinibarCaja fuerteEscritorioSof\u00e1 camaServicio de habitaciones Ba\u00f1oBa\u00f1era con duchaAmenitiesSecador de peloZapatillasToallas VER HABITACI\u00d3NVER HABITACI\u00d3NVER HABITACI\u00d3NVER HABITACI\u00d3NVER HABITACI\u00d3NVER HABITACI\u00d3N\" \/>\n<meta property=\"og:url\" content=\"https:\/\/casainquieta.es\/inicio\/suite-junior\/\" \/>\n<meta property=\"article:modified_time\" content=\"2026-03-27T17:29:14+00:00\" \/>\n<meta property=\"og:image\" content=\"https:\/\/casainquieta.es\/inicio\/wp-content\/uploads\/2026\/03\/FOTO_IZQUIERDA3.jpg\" \/>\n<meta name=\"twitter:card\" content=\"summary_large_image\" \/>\n<meta name=\"twitter:label1\" content=\"Est. reading time\" \/>\n\t<meta name=\"twitter:data1\" content=\"2 minutes\" \/>\n<script type=\"application\/ld+json\" class=\"yoast-schema-graph\">{\"@context\":\"https:\/\/schema.org\",\"@graph\":[{\"@type\":\"WebPage\",\"@id\":\"https:\/\/casainquieta.es\/inicio\/suite-junior\/\",\"url\":\"https:\/\/casainquieta.es\/inicio\/suite-junior\/\",\"name\":\"SUITE JUNIOR -\",\"isPartOf\":{\"@id\":\"https:\/\/casainquieta.es\/inicio\/#website\"},\"primaryImageOfPage\":{\"@id\":\"https:\/\/casainquieta.es\/inicio\/suite-junior\/#primaryimage\"},\"image\":{\"@id\":\"https:\/\/casainquieta.es\/inicio\/suite-junior\/#primaryimage\"},\"thumbnailUrl\":\"https:\/\/casainquieta.es\/inicio\/wp-content\/uploads\/2026\/03\/FOTO_IZQUIERDA3.jpg\",\"datePublished\":\"2026-03-27T17:01:55+00:00\",\"dateModified\":\"2026-03-27T17:29:14+00:00\",\"breadcrumb\":{\"@id\":\"https:\/\/casainquieta.es\/inicio\/suite-junior\/#breadcrumb\"},\"inLanguage\":\"en-US\",\"potentialAction\":[{\"@type\":\"ReadAction\",\"target\":[\"https:\/\/casainquieta.es\/inicio\/suite-junior\/\"]}]},{\"@type\":\"ImageObject\",\"inLanguage\":\"en-US\",\"@id\":\"https:\/\/casainquieta.es\/inicio\/suite-junior\/#primaryimage\",\"url\":\"https:\/\/casainquieta.es\/inicio\/wp-content\/uploads\/2026\/03\/FOTO_IZQUIERDA3.jpg\",\"contentUrl\":\"https:\/\/casainquieta.es\/inicio\/wp-content\/uploads\/2026\/03\/FOTO_IZQUIERDA3.jpg\",\"width\":655,\"height\":1000},{\"@type\":\"BreadcrumbList\",\"@id\":\"https:\/\/casainquieta.es\/inicio\/suite-junior\/#breadcrumb\",\"itemListElement\":[{\"@type\":\"ListItem\",\"position\":1,\"name\":\"Portada\",\"item\":\"https:\/\/casainquieta.es\/inicio\/\"},{\"@type\":\"ListItem\",\"position\":2,\"name\":\"SUITE JUNIOR\"}]},{\"@type\":\"WebSite\",\"@id\":\"https:\/\/casainquieta.es\/inicio\/#website\",\"url\":\"https:\/\/casainquieta.es\/inicio\/\",\"name\":\"\",\"description\":\"\",\"potentialAction\":[{\"@type\":\"SearchAction\",\"target\":{\"@type\":\"EntryPoint\",\"urlTemplate\":\"https:\/\/casainquieta.es\/inicio\/?s={search_term_string}\"},\"query-input\":{\"@type\":\"PropertyValueSpecification\",\"valueRequired\":true,\"valueName\":\"search_term_string\"}}],\"inLanguage\":\"en-US\"}]}<\/script>\n<!-- \/ Yoast SEO plugin. -->","yoast_head_json":{"title":"SUITE JUNIOR -","robots":{"index":"index","follow":"follow","max-snippet":"max-snippet:-1","max-image-preview":"max-image-preview:large","max-video-preview":"max-video-preview:-1"},"canonical":"https:\/\/casainquieta.es\/inicio\/suite-junior\/","og_locale":"en_US","og_type":"article","og_title":"SUITE JUNIOR -","og_description":"SUITE JUNIOR La estancia m\u00e1s amplia de la casa. M\u00c1S QUE UNA HABITACI\u00d3N, UNA FORMA DE ESTAR. La Suite Junior ampl\u00eda la experiencia de Casa Inquieta desde dentro. Un espacio donde la estancia se abre y la casa se vive con otra dimensi\u00f3n. Aqu\u00ed el tiempo se organiza de otra manera. El dormitorio y la zona de estar conviven en un mismo ambiente, manteniendo el lenguaje de la casa y su forma natural de estar en Sevilla. Pensada para quienes buscan m\u00e1s espacio y una estancia m\u00e1s completa dentro del mismo concepto RESERVAR HABITACI\u00d3N CARACTERISTICAS 35 \u2013 36 m\u00b2M\u00e1x. 3 personasCama doble de gran formatoZona de estar integrada ServiciosClimatizaci\u00f3n individualWifi gratuitoTelevisi\u00f3nMinibarCaja fuerteEscritorioSof\u00e1 camaServicio de habitaciones Ba\u00f1oBa\u00f1era con duchaAmenitiesSecador de peloZapatillasToallas VER HABITACI\u00d3NVER HABITACI\u00d3NVER HABITACI\u00d3NVER HABITACI\u00d3NVER HABITACI\u00d3NVER HABITACI\u00d3N","og_url":"https:\/\/casainquieta.es\/inicio\/suite-junior\/","article_modified_time":"2026-03-27T17:29:14+00:00","og_image":[{"url":"https:\/\/casainquieta.es\/inicio\/wp-content\/uploads\/2026\/03\/FOTO_IZQUIERDA3.jpg","type":"","width":"","height":""}],"twitter_card":"summary_large_image","twitter_misc":{"Est. reading time":"2 minutes"},"schema":{"@context":"https:\/\/schema.org","@graph":[{"@type":"WebPage","@id":"https:\/\/casainquieta.es\/inicio\/suite-junior\/","url":"https:\/\/casainquieta.es\/inicio\/suite-junior\/","name":"SUITE JUNIOR -","isPartOf":{"@id":"https:\/\/casainquieta.es\/inicio\/#website"},"primaryImageOfPage":{"@id":"https:\/\/casainquieta.es\/inicio\/suite-junior\/#primaryimage"},"image":{"@id":"https:\/\/casainquieta.es\/inicio\/suite-junior\/#primaryimage"},"thumbnailUrl":"https:\/\/casainquieta.es\/inicio\/wp-content\/uploads\/2026\/03\/FOTO_IZQUIERDA3.jpg","datePublished":"2026-03-27T17:01:55+00:00","dateModified":"2026-03-27T17:29:14+00:00","breadcrumb":{"@id":"https:\/\/casainquieta.es\/inicio\/suite-junior\/#breadcrumb"},"inLanguage":"en-US","potentialAction":[{"@type":"ReadAction","target":["https:\/\/casainquieta.es\/inicio\/suite-junior\/"]}]},{"@type":"ImageObject","inLanguage":"en-US","@id":"https:\/\/casainquieta.es\/inicio\/suite-junior\/#primaryimage","url":"https:\/\/casainquieta.es\/inicio\/wp-content\/uploads\/2026\/03\/FOTO_IZQUIERDA3.jpg","contentUrl":"https:\/\/casainquieta.es\/inicio\/wp-content\/uploads\/2026\/03\/FOTO_IZQUIERDA3.jpg","width":655,"height":1000},{"@type":"BreadcrumbList","@id":"https:\/\/casainquieta.es\/inicio\/suite-junior\/#breadcrumb","itemListElement":[{"@type":"ListItem","position":1,"name":"Portada","item":"https:\/\/casainquieta.es\/inicio\/"},{"@type":"ListItem","position":2,"name":"SUITE JUNIOR"}]},{"@type":"WebSite","@id":"https:\/\/casainquieta.es\/inicio\/#website","url":"https:\/\/casainquieta.es\/inicio\/","name":"","description":"","potentialAction":[{"@type":"SearchAction","target":{"@type":"EntryPoint","urlTemplate":"https:\/\/casainquieta.es\/inicio\/?s={search_term_string}"},"query-input":{"@type":"PropertyValueSpecification","valueRequired":true,"valueName":"search_term_string"}}],"inLanguage":"en-US"}]}},"acf":[],"_links":{"self":[{"href":"https:\/\/casainquieta.es\/inicio\/wp-json\/wp\/v2\/pages\/4060","targetHints":{"allow":["GET"]}}],"collection":[{"href":"https:\/\/casainquieta.es\/inicio\/wp-json\/wp\/v2\/pages"}],"about":[{"href":"https:\/\/casainquieta.es\/inicio\/wp-json\/wp\/v2\/types\/page"}],"author":[{"embeddable":true,"href":"https:\/\/casainquieta.es\/inicio\/wp-json\/wp\/v2\/users\/1"}],"replies":[{"embeddable":true,"href":"https:\/\/casainquieta.es\/inicio\/wp-json\/wp\/v2\/comments?post=4060"}],"version-history":[{"count":10,"href":"https:\/\/casainquieta.es\/inicio\/wp-json\/wp\/v2\/pages\/4060\/revisions"}],"predecessor-version":[{"id":4088,"href":"https:\/\/casainquieta.es\/inicio\/wp-json\/wp\/v2\/pages\/4060\/revisions\/4088"}],"wp:attachment":[{"href":"https:\/\/casainquieta.es\/inicio\/wp-json\/wp\/v2\/media?parent=4060"}],"curies":[{"name":"wp","href":"https:\/\/api.w.org\/{rel}","templated":true}]}}