{"id":4166,"date":"2026-03-30T21:18:52","date_gmt":"2026-03-30T21:18:52","guid":{"rendered":"https:\/\/casainquieta.es\/inicio\/?page_id=4166"},"modified":"2026-04-01T16:01:14","modified_gmt":"2026-04-01T16:01:14","slug":"evento","status":"publish","type":"page","link":"https:\/\/casainquieta.es\/inicio\/evento\/","title":{"rendered":"EVENTOS"},"content":{"rendered":"\t\t<div data-elementor-type=\"wp-page\" data-elementor-id=\"4166\" class=\"elementor elementor-4166\" data-elementor-post-type=\"page\">\n\t\t\t\t<div class=\"elementor-element elementor-element-6cdfcfc e-con-full e-flex wpr-particle-no wpr-jarallax-no wpr-parallax-no wpr-sticky-section-no e-con e-parent\" data-id=\"6cdfcfc\" data-element_type=\"container\" data-settings=\"{&quot;background_background&quot;:&quot;classic&quot;}\">\n\t\t\t\t<div class=\"elementor-element elementor-element-5cfd05f elementor-widget-mobile__width-initial elementor-widget__width-initial elementor-widget elementor-widget-image\" data-id=\"5cfd05f\" data-element_type=\"widget\" data-widget_type=\"image.default\">\n\t\t\t\t\t\t\t\t\t\t\t\t\t\t\t<img fetchpriority=\"high\" decoding=\"async\" width=\"1123\" height=\"320\" src=\"https:\/\/casainquieta.es\/inicio\/wp-content\/uploads\/2026\/03\/titulo-e1774905740665.png\" class=\"attachment-full size-full wp-image-4169\" alt=\"\" srcset=\"https:\/\/casainquieta.es\/inicio\/wp-content\/uploads\/2026\/03\/titulo-e1774905740665.png 1123w, https:\/\/casainquieta.es\/inicio\/wp-content\/uploads\/2026\/03\/titulo-e1774905740665-300x85.png 300w, https:\/\/casainquieta.es\/inicio\/wp-content\/uploads\/2026\/03\/titulo-e1774905740665-1024x292.png 1024w, https:\/\/casainquieta.es\/inicio\/wp-content\/uploads\/2026\/03\/titulo-e1774905740665-768x219.png 768w\" sizes=\"(max-width: 1123px) 100vw, 1123px\" \/>\t\t\t\t\t\t\t\t\t\t\t\t\t\t\t<\/div>\n\t\t\t\t<\/div>\n\t\t<div class=\"elementor-element elementor-element-e2ef71d e-flex e-con-boxed wpr-particle-no wpr-jarallax-no wpr-parallax-no wpr-sticky-section-no e-con e-parent\" data-id=\"e2ef71d\" data-element_type=\"container\" data-settings=\"{&quot;background_background&quot;:&quot;classic&quot;}\">\n\t\t\t\t\t<div class=\"e-con-inner\">\n\t\t\t\t<div class=\"elementor-element elementor-element-a764d01 elementor-widget__width-initial elementor-widget elementor-widget-text-editor\" data-id=\"a764d01\" data-element_type=\"widget\" data-widget_type=\"text-editor.default\">\n\t\t\t\t\t\t\t\t\t<p><strong>Casa Inquieta<\/strong> es un espacio pensado para celebrar.<br \/><strong>Un lugar con identidad, historia y versatilidad,<\/strong><br \/><strong>donde cada evento se dise\u00f1a a medida.<\/strong><\/p>\t\t\t\t\t\t\t\t<\/div>\n\t\t\t\t\t<\/div>\n\t\t\t\t<\/div>\n\t\t<div class=\"elementor-element elementor-element-7dd7a5e e-con-full elementor-hidden-mobile e-flex wpr-particle-no wpr-jarallax-no wpr-parallax-no wpr-sticky-section-no e-con e-parent\" data-id=\"7dd7a5e\" data-element_type=\"container\" data-settings=\"{&quot;background_background&quot;:&quot;classic&quot;}\">\n\t\t<div class=\"elementor-element elementor-element-baf4a3c e-con-full e-flex wpr-particle-no wpr-jarallax-no wpr-parallax-no wpr-sticky-section-no e-con e-child\" data-id=\"baf4a3c\" data-element_type=\"container\">\n\t\t\t\t<div class=\"elementor-element elementor-element-0c3dfd9 elementor-widget__width-initial elementor-widget-divider--view-line elementor-widget elementor-widget-divider\" data-id=\"0c3dfd9\" data-element_type=\"widget\" data-widget_type=\"divider.default\">\n\t\t\t\t\t\t\t<div class=\"elementor-divider\">\n\t\t\t<span class=\"elementor-divider-separator\">\n\t\t\t\t\t\t<\/span>\n\t\t<\/div>\n\t\t\t\t\t\t<\/div>\n\t\t\t\t<\/div>\n\t\t\t\t<div class=\"elementor-element elementor-element-6a7e79f elementor-widget elementor-widget-heading\" data-id=\"6a7e79f\" data-element_type=\"widget\" data-widget_type=\"heading.default\">\n\t\t\t\t\t<h2 class=\"elementor-heading-title elementor-size-default\">EVENTOS<\/h2>\t\t\t\t<\/div>\n\t\t<div class=\"elementor-element elementor-element-354003f e-con-full e-flex wpr-particle-no wpr-jarallax-no wpr-parallax-no wpr-sticky-section-no e-con e-child\" data-id=\"354003f\" data-element_type=\"container\">\n\t\t\t\t<div class=\"elementor-element elementor-element-a6e107a elementor-widget__width-initial elementor-widget-divider--view-line elementor-widget elementor-widget-divider\" data-id=\"a6e107a\" data-element_type=\"widget\" data-widget_type=\"divider.default\">\n\t\t\t\t\t\t\t<div class=\"elementor-divider\">\n\t\t\t<span class=\"elementor-divider-separator\">\n\t\t\t\t\t\t<\/span>\n\t\t<\/div>\n\t\t\t\t\t\t<\/div>\n\t\t\t\t<\/div>\n\t\t\t\t<\/div>\n\t\t<div class=\"elementor-element elementor-element-81dbc7d e-con-full elementor-hidden-desktop elementor-hidden-tablet e-flex wpr-particle-no wpr-jarallax-no wpr-parallax-no wpr-sticky-section-no e-con e-parent\" data-id=\"81dbc7d\" data-element_type=\"container\" data-settings=\"{&quot;background_background&quot;:&quot;classic&quot;}\">\n\t\t<div class=\"elementor-element elementor-element-e7fc1be e-con-full e-flex wpr-particle-no wpr-jarallax-no wpr-parallax-no wpr-sticky-section-no e-con e-child\" data-id=\"e7fc1be\" data-element_type=\"container\">\n\t\t<div class=\"elementor-element elementor-element-0b6cef3 e-grid e-con-full wpr-particle-no wpr-jarallax-no wpr-parallax-no wpr-sticky-section-no e-con e-child\" data-id=\"0b6cef3\" data-element_type=\"container\">\n\t\t\t\t<div class=\"elementor-element elementor-element-eb48c08 elementor-widget elementor-widget-text-editor\" data-id=\"eb48c08\" data-element_type=\"widget\" data-widget_type=\"text-editor.default\">\n\t\t\t\t\t\t\t\t\t<p>EVENTOS<\/p>\t\t\t\t\t\t\t\t<\/div>\n\t\t\t\t<div class=\"elementor-element elementor-element-e00459f elementor-widget__width-initial elementor-widget-divider--view-line elementor-widget elementor-widget-divider\" data-id=\"e00459f\" data-element_type=\"widget\" data-widget_type=\"divider.default\">\n\t\t\t\t\t\t\t<div class=\"elementor-divider\">\n\t\t\t<span class=\"elementor-divider-separator\">\n\t\t\t\t\t\t<\/span>\n\t\t<\/div>\n\t\t\t\t\t\t<\/div>\n\t\t\t\t<\/div>\n\t\t\t\t<\/div>\n\t\t\t\t<\/div>\n\t\t<div class=\"elementor-element elementor-element-d6b0cbd e-grid e-con-full wpr-particle-no wpr-jarallax-no wpr-parallax-no wpr-sticky-section-no e-con e-parent\" data-id=\"d6b0cbd\" data-element_type=\"container\" data-settings=\"{&quot;background_background&quot;:&quot;classic&quot;}\">\n\t\t<a class=\"elementor-element elementor-element-8360e69 e-flex e-con-boxed wpr-particle-no wpr-jarallax-no wpr-parallax-no wpr-sticky-section-no e-con e-child\" data-id=\"8360e69\" data-element_type=\"container\" data-settings=\"{&quot;background_background&quot;:&quot;classic&quot;}\" href=\"https:\/\/casainquieta.es\/inicio\/sociales-y-culturales\/\">\n\t\t\t\t\t<div class=\"e-con-inner\">\n\t\t\t\t<div class=\"elementor-element elementor-element-2f50027 elementor-widget elementor-widget-text-editor\" data-id=\"2f50027\" data-element_type=\"widget\" data-widget_type=\"text-editor.default\">\n\t\t\t\t\t\t\t\t\t<p>EVENTOS<br \/>SOCIALES Y<br \/>CULTURALES<\/p>\t\t\t\t\t\t\t\t<\/div>\n\t\t\t\t\t<\/div>\n\t\t\t\t<\/a>\n\t\t<a class=\"elementor-element elementor-element-8258a1b e-flex e-con-boxed wpr-particle-no wpr-jarallax-no wpr-parallax-no wpr-sticky-section-no e-con e-child\" data-id=\"8258a1b\" data-element_type=\"container\" data-settings=\"{&quot;background_background&quot;:&quot;classic&quot;}\" href=\"https:\/\/casainquieta.es\/inicio\/empresas\/\">\n\t\t\t\t\t<div class=\"e-con-inner\">\n\t\t\t\t<div class=\"elementor-element elementor-element-33b3867 elementor-widget elementor-widget-text-editor\" data-id=\"33b3867\" data-element_type=\"widget\" data-widget_type=\"text-editor.default\">\n\t\t\t\t\t\t\t\t\t<p>EMPRESAS<\/p>\t\t\t\t\t\t\t\t<\/div>\n\t\t\t\t\t<\/div>\n\t\t\t\t<\/a>\n\t\t<a class=\"elementor-element elementor-element-fbb9704 e-flex e-con-boxed wpr-particle-no wpr-jarallax-no wpr-parallax-no wpr-sticky-section-no e-con e-child\" data-id=\"fbb9704\" data-element_type=\"container\" data-settings=\"{&quot;background_background&quot;:&quot;classic&quot;}\" href=\"https:\/\/casainquieta.es\/inicio\/celebraciones-familiares\/\">\n\t\t\t\t\t<div class=\"e-con-inner\">\n\t\t\t\t<div class=\"elementor-element elementor-element-fc07935 elementor-widget elementor-widget-text-editor\" data-id=\"fc07935\" data-element_type=\"widget\" data-widget_type=\"text-editor.default\">\n\t\t\t\t\t\t\t\t\t<p>CELEBRACIONES<br \/>FAMILIARES<\/p>\t\t\t\t\t\t\t\t<\/div>\n\t\t\t\t\t<\/div>\n\t\t\t\t<\/a>\n\t\t<a class=\"elementor-element elementor-element-bc1fc4f e-flex e-con-boxed wpr-particle-no wpr-jarallax-no wpr-parallax-no wpr-sticky-section-no e-con e-child\" data-id=\"bc1fc4f\" data-element_type=\"container\" data-settings=\"{&quot;background_background&quot;:&quot;classic&quot;}\" href=\"https:\/\/casainquieta.es\/inicio\/eventos-privados-a-medida\/\">\n\t\t\t\t\t<div class=\"e-con-inner\">\n\t\t\t\t<div class=\"elementor-element elementor-element-b4b9035 elementor-widget elementor-widget-text-editor\" data-id=\"b4b9035\" data-element_type=\"widget\" data-widget_type=\"text-editor.default\">\n\t\t\t\t\t\t\t\t\t<p>EVENTOS<br \/>PRIVADOS<br \/>A MEDIDA<\/p>\t\t\t\t\t\t\t\t<\/div>\n\t\t\t\t\t<\/div>\n\t\t\t\t<\/a>\n\t\t\t\t<\/div>\n\t\t<div class=\"elementor-element elementor-element-2f4e3c6 e-flex e-con-boxed wpr-particle-no wpr-jarallax-no wpr-parallax-no wpr-sticky-section-no e-con e-parent\" data-id=\"2f4e3c6\" data-element_type=\"container\" data-settings=\"{&quot;background_background&quot;:&quot;classic&quot;}\">\n\t\t\t\t\t<div class=\"e-con-inner\">\n\t\t\t\t<div class=\"elementor-element elementor-element-1463863 elementor-widget__width-initial elementor-widget elementor-widget-text-editor\" data-id=\"1463863\" data-element_type=\"widget\" data-widget_type=\"text-editor.default\">\n\t\t\t\t\t\t\t\t\t<p>CELEBRA TU EVENTO <br \/>EN CASA INQUIETA<\/p>\t\t\t\t\t\t\t\t<\/div>\n\t\t\t\t<div class=\"elementor-element elementor-element-54a5132 elementor-button-align-center elementor-widget__width-initial elementor-widget-mobile__width-inherit elementor-widget elementor-widget-form\" data-id=\"54a5132\" data-element_type=\"widget\" data-settings=\"{&quot;step_next_label&quot;:&quot;Next&quot;,&quot;step_previous_label&quot;:&quot;Previous&quot;,&quot;button_width_mobile&quot;:&quot;100&quot;,&quot;button_width&quot;:&quot;100&quot;,&quot;step_type&quot;:&quot;number_text&quot;,&quot;step_icon_shape&quot;:&quot;circle&quot;}\" data-widget_type=\"form.default\">\n\t\t\t\t\t\t\t<form class=\"elementor-form\" method=\"post\" name=\"Formulario eventos\" aria-label=\"Formulario eventos\">\n\t\t\t<input type=\"hidden\" name=\"post_id\" value=\"4166\"\/>\n\t\t\t<input type=\"hidden\" name=\"form_id\" value=\"54a5132\"\/>\n\t\t\t<input type=\"hidden\" name=\"referer_title\" value=\"EVENTOS -\" \/>\n\n\t\t\t\t\t\t\t<input type=\"hidden\" name=\"queried_id\" value=\"4166\"\/>\n\t\t\t\n\t\t\t<div class=\"elementor-form-fields-wrapper elementor-labels-\">\n\t\t\t\t\t\t\t\t<div class=\"elementor-field-type-text elementor-field-group elementor-column elementor-field-group-name elementor-col-100 elementor-field-required\">\n\t\t\t\t\t\t\t\t\t\t\t\t<label for=\"form-field-name\" class=\"elementor-field-label elementor-screen-only\">\n\t\t\t\t\t\t\t\tNombre y apellido\t\t\t\t\t\t\t<\/label>\n\t\t\t\t\t\t\t\t\t\t\t\t\t\t<input size=\"1\" type=\"text\" name=\"form_fields[name]\" id=\"form-field-name\" class=\"elementor-field elementor-size-sm  elementor-field-textual\" placeholder=\"NOMBRE Y APELLIDO\" required=\"required\">\n\t\t\t\t\t\t\t\t\t\t\t<\/div>\n\t\t\t\t\t\t\t\t<div class=\"elementor-field-type-text elementor-field-group elementor-column elementor-field-group-field_4327784 elementor-col-100 elementor-field-required\">\n\t\t\t\t\t\t\t\t\t\t\t\t<label for=\"form-field-field_4327784\" class=\"elementor-field-label elementor-screen-only\">\n\t\t\t\t\t\t\t\tTel\u00e9fono\t\t\t\t\t\t\t<\/label>\n\t\t\t\t\t\t\t\t\t\t\t\t\t\t<input size=\"1\" type=\"text\" name=\"form_fields[field_4327784]\" id=\"form-field-field_4327784\" class=\"elementor-field elementor-size-sm  elementor-field-textual\" placeholder=\"TEL\u00c9FONO\" required=\"required\">\n\t\t\t\t\t\t\t\t\t\t\t<\/div>\n\t\t\t\t\t\t\t\t<div class=\"elementor-field-type-email elementor-field-group elementor-column elementor-field-group-email elementor-col-100 elementor-field-required\">\n\t\t\t\t\t\t\t\t\t\t\t\t<label for=\"form-field-email\" class=\"elementor-field-label elementor-screen-only\">\n\t\t\t\t\t\t\t\tEmail\t\t\t\t\t\t\t<\/label>\n\t\t\t\t\t\t\t\t\t\t\t\t\t\t<input size=\"1\" type=\"email\" name=\"form_fields[email]\" id=\"form-field-email\" class=\"elementor-field elementor-size-sm  elementor-field-textual\" placeholder=\"EMAIL\" required=\"required\">\n\t\t\t\t\t\t\t\t\t\t\t<\/div>\n\t\t\t\t\t\t\t\t<div class=\"elementor-field-type-select elementor-field-group elementor-column elementor-field-group-field_c29a3c6 elementor-col-50 elementor-field-required\">\n\t\t\t\t\t\t\t\t\t\t\t\t<label for=\"form-field-field_c29a3c6\" class=\"elementor-field-label elementor-screen-only\">\n\t\t\t\t\t\t\t\tTipo de eventos\t\t\t\t\t\t\t<\/label>\n\t\t\t\t\t\t\t\t<div class=\"elementor-field elementor-select-wrapper remove-before \">\n\t\t\t<div class=\"select-caret-down-wrapper\">\n\t\t\t\t<svg aria-hidden=\"true\" class=\"e-font-icon-svg e-eicon-caret-down\" viewBox=\"0 0 571.4 571.4\" xmlns=\"http:\/\/www.w3.org\/2000\/svg\"><path d=\"M571 393Q571 407 561 418L311 668Q300 679 286 679T261 668L11 418Q0 407 0 393T11 368 36 357H536Q550 357 561 368T571 393Z\"><\/path><\/svg>\t\t\t<\/div>\n\t\t\t<select name=\"form_fields[field_c29a3c6]\" id=\"form-field-field_c29a3c6\" class=\"elementor-field-textual elementor-size-sm\" required=\"required\">\n\t\t\t\t\t\t\t\t\t<option value=\"TIPO DE EVENTO\">TIPO DE EVENTO<\/option>\n\t\t\t\t\t\t\t\t\t<option value=\"EVENTOS SOCIALES Y CULTURALES\">EVENTOS SOCIALES Y CULTURALES<\/option>\n\t\t\t\t\t\t\t\t\t<option value=\"EMPRESAS\">EMPRESAS<\/option>\n\t\t\t\t\t\t\t\t\t<option value=\"CELEBRACIONES FAMILIARES\">CELEBRACIONES FAMILIARES<\/option>\n\t\t\t\t\t\t\t\t\t<option value=\"EVENTOS PRIVADOS A MEDIDA\">EVENTOS PRIVADOS A MEDIDA<\/option>\n\t\t\t\t\t\t\t<\/select>\n\t\t<\/div>\n\t\t\t\t\t\t<\/div>\n\t\t\t\t\t\t\t\t<div class=\"elementor-field-type-text elementor-field-group elementor-column elementor-field-group-message elementor-col-50 elementor-field-required\">\n\t\t\t\t\t\t\t\t\t\t\t\t<label for=\"form-field-message\" class=\"elementor-field-label elementor-screen-only\">\n\t\t\t\t\t\t\t\tHorario aproximado\t\t\t\t\t\t\t<\/label>\n\t\t\t\t\t\t\t\t\t\t\t\t\t\t<input size=\"1\" type=\"text\" name=\"form_fields[message]\" id=\"form-field-message\" class=\"elementor-field elementor-size-sm  elementor-field-textual\" placeholder=\"HORARIO APROXIMADO\" required=\"required\">\n\t\t\t\t\t\t\t\t\t\t\t<\/div>\n\t\t\t\t\t\t\t\t<div class=\"elementor-field-type-text elementor-field-group elementor-column elementor-field-group-field_bbec97d elementor-col-50 elementor-field-required\">\n\t\t\t\t\t\t\t\t\t\t\t\t<label for=\"form-field-field_bbec97d\" class=\"elementor-field-label elementor-screen-only\">\n\t\t\t\t\t\t\t\t# estimado de clientes\t\t\t\t\t\t\t<\/label>\n\t\t\t\t\t\t\t\t\t\t\t\t\t\t<input size=\"1\" type=\"text\" name=\"form_fields[field_bbec97d]\" id=\"form-field-field_bbec97d\" class=\"elementor-field elementor-size-sm  elementor-field-textual\" placeholder=\"N\u00b0 ESTIMADO DE CLIENTES\" required=\"required\">\n\t\t\t\t\t\t\t\t\t\t\t<\/div>\n\t\t\t\t\t\t\t\t<div class=\"elementor-field-type-text elementor-field-group elementor-column elementor-field-group-field_52fb3f6 elementor-col-50 elementor-field-required\">\n\t\t\t\t\t\t\t\t\t\t\t\t<label for=\"form-field-field_52fb3f6\" class=\"elementor-field-label elementor-screen-only\">\n\t\t\t\t\t\t\t\tPresupuesto estimado\t\t\t\t\t\t\t<\/label>\n\t\t\t\t\t\t\t\t\t\t\t\t\t\t<input size=\"1\" type=\"text\" name=\"form_fields[field_52fb3f6]\" id=\"form-field-field_52fb3f6\" class=\"elementor-field elementor-size-sm  elementor-field-textual\" placeholder=\"PRESUPUESTO ESTIMADO\" required=\"required\">\n\t\t\t\t\t\t\t\t\t\t\t<\/div>\n\t\t\t\t\t\t\t\t<div class=\"elementor-field-type-textarea elementor-field-group elementor-column elementor-field-group-field_878696f elementor-col-100 elementor-field-required\">\n\t\t\t\t\t\t\t\t\t\t\t\t<label for=\"form-field-field_878696f\" class=\"elementor-field-label elementor-screen-only\">\n\t\t\t\t\t\t\t\tMensaje\t\t\t\t\t\t\t<\/label>\n\t\t\t\t\t\t<textarea class=\"elementor-field-textual elementor-field  elementor-size-sm\" name=\"form_fields[field_878696f]\" id=\"form-field-field_878696f\" rows=\"6\" placeholder=\"MENSAJE\" required=\"required\"><\/textarea>\t\t\t\t<\/div>\n\t\t\t\t\t\t\t\t<div class=\"elementor-field-type-checkbox elementor-field-group elementor-column elementor-field-group-field_b42f255 elementor-col-100\">\n\t\t\t\t\t\t\t\t\t\t\t\t<label for=\"form-field-field_b42f255\" class=\"elementor-field-label elementor-screen-only\">\n\t\t\t\t\t\t\t\tTerminos\t\t\t\t\t\t\t<\/label>\n\t\t\t\t\t\t<div class=\"elementor-field-subgroup  \"><span class=\"elementor-field-option\"><input type=\"checkbox\" value=\"HE LE\u00cdDO Y ACEPTO LA POL\u00cdTICA DE PRIVACIDAD\" id=\"form-field-field_b42f255-0\" name=\"form_fields[field_b42f255]\"> <label for=\"form-field-field_b42f255-0\">HE LE\u00cdDO Y ACEPTO LA POL\u00cdTICA DE PRIVACIDAD<\/label><\/span><\/div>\t\t\t\t<\/div>\n\t\t\t\t\t\t\t\t<div class=\"elementor-field-type-html elementor-field-group elementor-column elementor-field-group-field_5740e5b elementor-col-100\">\n\t\t\t\t\t<div style=\"\n    background-color: transparent; \n    padding: 20px; \n    text-align: center;\n\">\n    <p style=\"\n        font-family: 'Futura', 'Trebuchet MS', Arial, sans-serif; \n        color: #F0D8C2; \n        font-size: 14px; \n        line-height: 1.6; \n        letter-spacing: 0.5px;\n        max-width: 600px; \n        margin: 0 auto;\n    \">\n        Los datos facilitados ser\u00e1n tratados por Casa Inquieta con la finalidad de gestionar la solicitud de \n        informaci\u00f3n sobre eventos. Puedes ejercer tus derechos de acceso, rectificaci\u00f3n y supresi\u00f3n enviando un \n        correo a <a href=\"mailto:eventos@casainquieta.es\" style=\"color: #F0D8C2; text-decoration: underline;\">eventos@casainquieta.es<\/a>.\n    <\/p>\n<\/div>\t\t\t\t<\/div>\n\t\t\t\t\t\t\t\t<div class=\"elementor-field-group elementor-column elementor-field-type-submit elementor-col-100 e-form__buttons elementor-sm-100\">\n\t\t\t\t\t<button class=\"elementor-button elementor-size-xs\" type=\"submit\">\n\t\t\t\t\t\t<span class=\"elementor-button-content-wrapper\">\n\t\t\t\t\t\t\t\t\t\t\t\t\t\t\t\t\t\t\t\t\t\t<span class=\"elementor-button-text\">SOLICITAR PROPUESTA<\/span>\n\t\t\t\t\t\t\t\t\t\t\t\t\t<\/span>\n\t\t\t\t\t<\/button>\n\t\t\t\t<\/div>\n\t\t\t<\/div>\n\t\t<\/form>\n\t\t\t\t\t\t<\/div>\n\t\t\t\t\t<\/div>\n\t\t\t\t<\/div>\n\t\t\t\t<\/div>\n\t\t","protected":false},"excerpt":{"rendered":"<p>Casa Inquieta es un espacio pensado para celebrar.Un lugar con identidad, historia y versatilidad,donde cada evento se dise\u00f1a a medida. EVENTOS EVENTOS EVENTOSSOCIALES YCULTURALES EMPRESAS CELEBRACIONESFAMILIARES EVENTOSPRIVADOSA MEDIDA CELEBRA TU EVENTO EN CASA INQUIETA<\/p>\n","protected":false},"author":1,"featured_media":0,"parent":0,"menu_order":0,"comment_status":"closed","ping_status":"closed","template":"","meta":{"footnotes":""},"class_list":["post-4166","page","type-page","status-publish","hentry"],"yoast_head":"<!-- This site is optimized with the Yoast SEO plugin v26.8 - https:\/\/yoast.com\/product\/yoast-seo-wordpress\/ -->\n<title>EVENTOS -<\/title>\n<meta name=\"robots\" content=\"index, follow, max-snippet:-1, max-image-preview:large, max-video-preview:-1\" \/>\n<link rel=\"canonical\" href=\"https:\/\/casainquieta.es\/inicio\/evento\/\" \/>\n<meta property=\"og:locale\" content=\"en_US\" \/>\n<meta property=\"og:type\" content=\"article\" \/>\n<meta property=\"og:title\" content=\"EVENTOS -\" \/>\n<meta property=\"og:description\" content=\"Casa Inquieta es un espacio pensado para celebrar.Un lugar con identidad, historia y versatilidad,donde cada evento se dise\u00f1a a medida. EVENTOS EVENTOS EVENTOSSOCIALES YCULTURALES EMPRESAS CELEBRACIONESFAMILIARES EVENTOSPRIVADOSA MEDIDA CELEBRA TU EVENTO EN CASA INQUIETA\" \/>\n<meta property=\"og:url\" content=\"https:\/\/casainquieta.es\/inicio\/evento\/\" \/>\n<meta property=\"article:modified_time\" content=\"2026-04-01T16:01:14+00:00\" \/>\n<meta property=\"og:image\" content=\"https:\/\/casainquieta.es\/inicio\/wp-content\/uploads\/2026\/03\/titulo-e1774905740665.png\" \/>\n\t<meta property=\"og:image:width\" content=\"1123\" \/>\n\t<meta property=\"og:image:height\" content=\"320\" \/>\n\t<meta property=\"og:image:type\" content=\"image\/png\" \/>\n<meta name=\"twitter:card\" content=\"summary_large_image\" \/>\n<meta name=\"twitter:label1\" content=\"Est. reading time\" \/>\n\t<meta name=\"twitter:data1\" content=\"1 minute\" \/>\n<script type=\"application\/ld+json\" class=\"yoast-schema-graph\">{\"@context\":\"https:\/\/schema.org\",\"@graph\":[{\"@type\":\"WebPage\",\"@id\":\"https:\/\/casainquieta.es\/inicio\/evento\/\",\"url\":\"https:\/\/casainquieta.es\/inicio\/evento\/\",\"name\":\"EVENTOS -\",\"isPartOf\":{\"@id\":\"https:\/\/casainquieta.es\/inicio\/#website\"},\"primaryImageOfPage\":{\"@id\":\"https:\/\/casainquieta.es\/inicio\/evento\/#primaryimage\"},\"image\":{\"@id\":\"https:\/\/casainquieta.es\/inicio\/evento\/#primaryimage\"},\"thumbnailUrl\":\"https:\/\/casainquieta.es\/inicio\/wp-content\/uploads\/2026\/03\/titulo-e1774905740665.png\",\"datePublished\":\"2026-03-30T21:18:52+00:00\",\"dateModified\":\"2026-04-01T16:01:14+00:00\",\"breadcrumb\":{\"@id\":\"https:\/\/casainquieta.es\/inicio\/evento\/#breadcrumb\"},\"inLanguage\":\"en-US\",\"potentialAction\":[{\"@type\":\"ReadAction\",\"target\":[\"https:\/\/casainquieta.es\/inicio\/evento\/\"]}]},{\"@type\":\"ImageObject\",\"inLanguage\":\"en-US\",\"@id\":\"https:\/\/casainquieta.es\/inicio\/evento\/#primaryimage\",\"url\":\"https:\/\/casainquieta.es\/inicio\/wp-content\/uploads\/2026\/03\/titulo-e1774905740665.png\",\"contentUrl\":\"https:\/\/casainquieta.es\/inicio\/wp-content\/uploads\/2026\/03\/titulo-e1774905740665.png\",\"width\":1123,\"height\":320},{\"@type\":\"BreadcrumbList\",\"@id\":\"https:\/\/casainquieta.es\/inicio\/evento\/#breadcrumb\",\"itemListElement\":[{\"@type\":\"ListItem\",\"position\":1,\"name\":\"Portada\",\"item\":\"https:\/\/casainquieta.es\/inicio\/\"},{\"@type\":\"ListItem\",\"position\":2,\"name\":\"EVENTOS\"}]},{\"@type\":\"WebSite\",\"@id\":\"https:\/\/casainquieta.es\/inicio\/#website\",\"url\":\"https:\/\/casainquieta.es\/inicio\/\",\"name\":\"\",\"description\":\"\",\"potentialAction\":[{\"@type\":\"SearchAction\",\"target\":{\"@type\":\"EntryPoint\",\"urlTemplate\":\"https:\/\/casainquieta.es\/inicio\/?s={search_term_string}\"},\"query-input\":{\"@type\":\"PropertyValueSpecification\",\"valueRequired\":true,\"valueName\":\"search_term_string\"}}],\"inLanguage\":\"en-US\"}]}<\/script>\n<!-- \/ Yoast SEO plugin. -->","yoast_head_json":{"title":"EVENTOS -","robots":{"index":"index","follow":"follow","max-snippet":"max-snippet:-1","max-image-preview":"max-image-preview:large","max-video-preview":"max-video-preview:-1"},"canonical":"https:\/\/casainquieta.es\/inicio\/evento\/","og_locale":"en_US","og_type":"article","og_title":"EVENTOS -","og_description":"Casa Inquieta es un espacio pensado para celebrar.Un lugar con identidad, historia y versatilidad,donde cada evento se dise\u00f1a a medida. EVENTOS EVENTOS EVENTOSSOCIALES YCULTURALES EMPRESAS CELEBRACIONESFAMILIARES EVENTOSPRIVADOSA MEDIDA CELEBRA TU EVENTO EN CASA INQUIETA","og_url":"https:\/\/casainquieta.es\/inicio\/evento\/","article_modified_time":"2026-04-01T16:01:14+00:00","og_image":[{"width":1123,"height":320,"url":"https:\/\/casainquieta.es\/inicio\/wp-content\/uploads\/2026\/03\/titulo-e1774905740665.png","type":"image\/png"}],"twitter_card":"summary_large_image","twitter_misc":{"Est. reading time":"1 minute"},"schema":{"@context":"https:\/\/schema.org","@graph":[{"@type":"WebPage","@id":"https:\/\/casainquieta.es\/inicio\/evento\/","url":"https:\/\/casainquieta.es\/inicio\/evento\/","name":"EVENTOS -","isPartOf":{"@id":"https:\/\/casainquieta.es\/inicio\/#website"},"primaryImageOfPage":{"@id":"https:\/\/casainquieta.es\/inicio\/evento\/#primaryimage"},"image":{"@id":"https:\/\/casainquieta.es\/inicio\/evento\/#primaryimage"},"thumbnailUrl":"https:\/\/casainquieta.es\/inicio\/wp-content\/uploads\/2026\/03\/titulo-e1774905740665.png","datePublished":"2026-03-30T21:18:52+00:00","dateModified":"2026-04-01T16:01:14+00:00","breadcrumb":{"@id":"https:\/\/casainquieta.es\/inicio\/evento\/#breadcrumb"},"inLanguage":"en-US","potentialAction":[{"@type":"ReadAction","target":["https:\/\/casainquieta.es\/inicio\/evento\/"]}]},{"@type":"ImageObject","inLanguage":"en-US","@id":"https:\/\/casainquieta.es\/inicio\/evento\/#primaryimage","url":"https:\/\/casainquieta.es\/inicio\/wp-content\/uploads\/2026\/03\/titulo-e1774905740665.png","contentUrl":"https:\/\/casainquieta.es\/inicio\/wp-content\/uploads\/2026\/03\/titulo-e1774905740665.png","width":1123,"height":320},{"@type":"BreadcrumbList","@id":"https:\/\/casainquieta.es\/inicio\/evento\/#breadcrumb","itemListElement":[{"@type":"ListItem","position":1,"name":"Portada","item":"https:\/\/casainquieta.es\/inicio\/"},{"@type":"ListItem","position":2,"name":"EVENTOS"}]},{"@type":"WebSite","@id":"https:\/\/casainquieta.es\/inicio\/#website","url":"https:\/\/casainquieta.es\/inicio\/","name":"","description":"","potentialAction":[{"@type":"SearchAction","target":{"@type":"EntryPoint","urlTemplate":"https:\/\/casainquieta.es\/inicio\/?s={search_term_string}"},"query-input":{"@type":"PropertyValueSpecification","valueRequired":true,"valueName":"search_term_string"}}],"inLanguage":"en-US"}]}},"acf":[],"_links":{"self":[{"href":"https:\/\/casainquieta.es\/inicio\/wp-json\/wp\/v2\/pages\/4166","targetHints":{"allow":["GET"]}}],"collection":[{"href":"https:\/\/casainquieta.es\/inicio\/wp-json\/wp\/v2\/pages"}],"about":[{"href":"https:\/\/casainquieta.es\/inicio\/wp-json\/wp\/v2\/types\/page"}],"author":[{"embeddable":true,"href":"https:\/\/casainquieta.es\/inicio\/wp-json\/wp\/v2\/users\/1"}],"replies":[{"embeddable":true,"href":"https:\/\/casainquieta.es\/inicio\/wp-json\/wp\/v2\/comments?post=4166"}],"version-history":[{"count":123,"href":"https:\/\/casainquieta.es\/inicio\/wp-json\/wp\/v2\/pages\/4166\/revisions"}],"predecessor-version":[{"id":4427,"href":"https:\/\/casainquieta.es\/inicio\/wp-json\/wp\/v2\/pages\/4166\/revisions\/4427"}],"wp:attachment":[{"href":"https:\/\/casainquieta.es\/inicio\/wp-json\/wp\/v2\/media?parent=4166"}],"curies":[{"name":"wp","href":"https:\/\/api.w.org\/{rel}","templated":true}]}}