{"id":4358,"date":"2026-04-01T14:48:16","date_gmt":"2026-04-01T14:48:16","guid":{"rendered":"https:\/\/casainquieta.es\/inicio\/?page_id=4358"},"modified":"2026-04-01T15:27:06","modified_gmt":"2026-04-01T15:27:06","slug":"sociales-y-culturales","status":"publish","type":"page","link":"https:\/\/casainquieta.es\/inicio\/sociales-y-culturales\/","title":{"rendered":"SOCIALES Y CULTURALES"},"content":{"rendered":"\t\t<div data-elementor-type=\"wp-page\" data-elementor-id=\"4358\" class=\"elementor elementor-4358\" data-elementor-post-type=\"page\">\n\t\t\t\t<div class=\"elementor-element elementor-element-3924632 e-con-full e-flex wpr-particle-no wpr-jarallax-no wpr-parallax-no wpr-sticky-section-no e-con e-parent\" data-id=\"3924632\" data-element_type=\"container\" data-settings=\"{&quot;background_background&quot;:&quot;classic&quot;}\">\n\t\t\t\t<div class=\"elementor-element elementor-element-ea8a7f4 elementor-widget elementor-widget-text-editor\" data-id=\"ea8a7f4\" data-element_type=\"widget\" data-widget_type=\"text-editor.default\">\n\t\t\t\t\t\t\t\t\t<p>SOCIALES Y CULTURALES<\/p>\t\t\t\t\t\t\t\t<\/div>\n\t\t\t\t<\/div>\n\t\t<div class=\"elementor-element elementor-element-87d5a79 e-flex e-con-boxed wpr-particle-no wpr-jarallax-no wpr-parallax-no wpr-sticky-section-no e-con e-parent\" data-id=\"87d5a79\" data-element_type=\"container\" data-settings=\"{&quot;background_background&quot;:&quot;classic&quot;}\">\n\t\t\t\t\t<div class=\"e-con-inner\">\n\t\t\t\t<div class=\"elementor-element elementor-element-0a932e9 elementor-widget elementor-widget-text-editor\" data-id=\"0a932e9\" data-element_type=\"widget\" data-widget_type=\"text-editor.default\">\n\t\t\t\t\t\t\t\t\t<p>Presentaciones, encuentros vinculados al arte, la moda,<br \/>el dise\u00f1o o la cultura, con la posibilidad de integrar<br \/>gastronom\u00eda, flamenco y distintos espacios de la casa.<\/p>\t\t\t\t\t\t\t\t<\/div>\n\t\t\t\t\t<\/div>\n\t\t\t\t<\/div>\n\t\t<div class=\"elementor-element elementor-element-f45e88a e-con-full e-flex wpr-particle-no wpr-jarallax-no wpr-parallax-no wpr-sticky-section-no e-con e-parent\" data-id=\"f45e88a\" data-element_type=\"container\" data-settings=\"{&quot;background_background&quot;:&quot;classic&quot;}\">\n\t\t\t\t<div class=\"elementor-element elementor-element-6d072f6 elementor-widget__width-initial elementor-widget elementor-widget-text-editor\" data-id=\"6d072f6\" data-element_type=\"widget\" data-widget_type=\"text-editor.default\">\n\t\t\t\t\t\t\t\t\t<p>CELEBRA TU EVENTO <br \/>EN CASA INQUIETA<\/p>\t\t\t\t\t\t\t\t<\/div>\n\t\t\t\t<div class=\"elementor-element elementor-element-c128406 elementor-button-align-center elementor-widget__width-initial elementor-widget-mobile__width-inherit elementor-widget elementor-widget-form\" data-id=\"c128406\" data-element_type=\"widget\" data-settings=\"{&quot;step_next_label&quot;:&quot;Next&quot;,&quot;step_previous_label&quot;:&quot;Previous&quot;,&quot;button_width_mobile&quot;:&quot;100&quot;,&quot;button_width&quot;:&quot;100&quot;,&quot;step_type&quot;:&quot;number_text&quot;,&quot;step_icon_shape&quot;:&quot;circle&quot;}\" data-widget_type=\"form.default\">\n\t\t\t\t\t\t\t<form class=\"elementor-form\" method=\"post\" name=\"Formulario eventos\" aria-label=\"Formulario eventos\">\n\t\t\t<input type=\"hidden\" name=\"post_id\" value=\"4358\"\/>\n\t\t\t<input type=\"hidden\" name=\"form_id\" value=\"c128406\"\/>\n\t\t\t<input type=\"hidden\" name=\"referer_title\" value=\"SOCIALES Y CULTURALES -\" \/>\n\n\t\t\t\t\t\t\t<input type=\"hidden\" name=\"queried_id\" value=\"4358\"\/>\n\t\t\t\n\t\t\t<div class=\"elementor-form-fields-wrapper elementor-labels-\">\n\t\t\t\t\t\t\t\t<div class=\"elementor-field-type-text elementor-field-group elementor-column elementor-field-group-name elementor-col-100 elementor-field-required\">\n\t\t\t\t\t\t\t\t\t\t\t\t<label for=\"form-field-name\" class=\"elementor-field-label elementor-screen-only\">\n\t\t\t\t\t\t\t\tNombre y apellido\t\t\t\t\t\t\t<\/label>\n\t\t\t\t\t\t\t\t\t\t\t\t\t\t<input size=\"1\" type=\"text\" name=\"form_fields[name]\" id=\"form-field-name\" class=\"elementor-field elementor-size-sm  elementor-field-textual\" placeholder=\"NOMBRE Y APELLIDO\" required=\"required\">\n\t\t\t\t\t\t\t\t\t\t\t<\/div>\n\t\t\t\t\t\t\t\t<div class=\"elementor-field-type-text elementor-field-group elementor-column elementor-field-group-field_4327784 elementor-col-100 elementor-field-required\">\n\t\t\t\t\t\t\t\t\t\t\t\t<label for=\"form-field-field_4327784\" class=\"elementor-field-label elementor-screen-only\">\n\t\t\t\t\t\t\t\tTel\u00e9fono\t\t\t\t\t\t\t<\/label>\n\t\t\t\t\t\t\t\t\t\t\t\t\t\t<input size=\"1\" type=\"text\" name=\"form_fields[field_4327784]\" id=\"form-field-field_4327784\" class=\"elementor-field elementor-size-sm  elementor-field-textual\" placeholder=\"TEL\u00c9FONO\" required=\"required\">\n\t\t\t\t\t\t\t\t\t\t\t<\/div>\n\t\t\t\t\t\t\t\t<div class=\"elementor-field-type-email elementor-field-group elementor-column elementor-field-group-email elementor-col-100 elementor-field-required\">\n\t\t\t\t\t\t\t\t\t\t\t\t<label for=\"form-field-email\" class=\"elementor-field-label elementor-screen-only\">\n\t\t\t\t\t\t\t\tEmail\t\t\t\t\t\t\t<\/label>\n\t\t\t\t\t\t\t\t\t\t\t\t\t\t<input size=\"1\" type=\"email\" name=\"form_fields[email]\" id=\"form-field-email\" class=\"elementor-field elementor-size-sm  elementor-field-textual\" placeholder=\"EMAIL\" required=\"required\">\n\t\t\t\t\t\t\t\t\t\t\t<\/div>\n\t\t\t\t\t\t\t\t<div class=\"elementor-field-type-select elementor-field-group elementor-column elementor-field-group-field_c29a3c6 elementor-col-50 elementor-field-required\">\n\t\t\t\t\t\t\t\t\t\t\t\t<label for=\"form-field-field_c29a3c6\" class=\"elementor-field-label elementor-screen-only\">\n\t\t\t\t\t\t\t\tTipo de eventos\t\t\t\t\t\t\t<\/label>\n\t\t\t\t\t\t\t\t<div class=\"elementor-field elementor-select-wrapper remove-before \">\n\t\t\t<div class=\"select-caret-down-wrapper\">\n\t\t\t\t<svg aria-hidden=\"true\" class=\"e-font-icon-svg e-eicon-caret-down\" viewBox=\"0 0 571.4 571.4\" xmlns=\"http:\/\/www.w3.org\/2000\/svg\"><path d=\"M571 393Q571 407 561 418L311 668Q300 679 286 679T261 668L11 418Q0 407 0 393T11 368 36 357H536Q550 357 561 368T571 393Z\"><\/path><\/svg>\t\t\t<\/div>\n\t\t\t<select name=\"form_fields[field_c29a3c6]\" id=\"form-field-field_c29a3c6\" class=\"elementor-field-textual elementor-size-sm\" required=\"required\">\n\t\t\t\t\t\t\t\t\t<option value=\"TIPO DE EVENTO\">TIPO DE EVENTO<\/option>\n\t\t\t\t\t\t\t\t\t<option value=\"EVENTOS SOCIALES Y CULTURALES\">EVENTOS SOCIALES Y CULTURALES<\/option>\n\t\t\t\t\t\t\t\t\t<option value=\"EMPRESAS\">EMPRESAS<\/option>\n\t\t\t\t\t\t\t\t\t<option value=\"CELEBRACIONES FAMILIARES\">CELEBRACIONES FAMILIARES<\/option>\n\t\t\t\t\t\t\t\t\t<option value=\"EVENTOS PRIVADOS A MEDIDA\">EVENTOS PRIVADOS A MEDIDA<\/option>\n\t\t\t\t\t\t\t<\/select>\n\t\t<\/div>\n\t\t\t\t\t\t<\/div>\n\t\t\t\t\t\t\t\t<div class=\"elementor-field-type-text elementor-field-group elementor-column elementor-field-group-message elementor-col-50 elementor-field-required\">\n\t\t\t\t\t\t\t\t\t\t\t\t<label for=\"form-field-message\" class=\"elementor-field-label elementor-screen-only\">\n\t\t\t\t\t\t\t\tHorario aproximado\t\t\t\t\t\t\t<\/label>\n\t\t\t\t\t\t\t\t\t\t\t\t\t\t<input size=\"1\" type=\"text\" name=\"form_fields[message]\" id=\"form-field-message\" class=\"elementor-field elementor-size-sm  elementor-field-textual\" placeholder=\"HORARIO APROXIMADO\" required=\"required\">\n\t\t\t\t\t\t\t\t\t\t\t<\/div>\n\t\t\t\t\t\t\t\t<div class=\"elementor-field-type-text elementor-field-group elementor-column elementor-field-group-field_bbec97d elementor-col-50 elementor-field-required\">\n\t\t\t\t\t\t\t\t\t\t\t\t<label for=\"form-field-field_bbec97d\" class=\"elementor-field-label elementor-screen-only\">\n\t\t\t\t\t\t\t\t# estimado de clientes\t\t\t\t\t\t\t<\/label>\n\t\t\t\t\t\t\t\t\t\t\t\t\t\t<input size=\"1\" type=\"text\" name=\"form_fields[field_bbec97d]\" id=\"form-field-field_bbec97d\" class=\"elementor-field elementor-size-sm  elementor-field-textual\" placeholder=\"N\u00b0 ESTIMADO DE CLIENTES\" required=\"required\">\n\t\t\t\t\t\t\t\t\t\t\t<\/div>\n\t\t\t\t\t\t\t\t<div class=\"elementor-field-type-text elementor-field-group elementor-column elementor-field-group-field_52fb3f6 elementor-col-50 elementor-field-required\">\n\t\t\t\t\t\t\t\t\t\t\t\t<label for=\"form-field-field_52fb3f6\" class=\"elementor-field-label elementor-screen-only\">\n\t\t\t\t\t\t\t\tPresupuesto estimado\t\t\t\t\t\t\t<\/label>\n\t\t\t\t\t\t\t\t\t\t\t\t\t\t<input size=\"1\" type=\"text\" name=\"form_fields[field_52fb3f6]\" id=\"form-field-field_52fb3f6\" class=\"elementor-field elementor-size-sm  elementor-field-textual\" placeholder=\"PRESUPUESTO ESTIMADO\" required=\"required\">\n\t\t\t\t\t\t\t\t\t\t\t<\/div>\n\t\t\t\t\t\t\t\t<div class=\"elementor-field-type-textarea elementor-field-group elementor-column elementor-field-group-field_878696f elementor-col-100 elementor-field-required\">\n\t\t\t\t\t\t\t\t\t\t\t\t<label for=\"form-field-field_878696f\" class=\"elementor-field-label elementor-screen-only\">\n\t\t\t\t\t\t\t\tMensaje\t\t\t\t\t\t\t<\/label>\n\t\t\t\t\t\t<textarea class=\"elementor-field-textual elementor-field  elementor-size-sm\" name=\"form_fields[field_878696f]\" id=\"form-field-field_878696f\" rows=\"6\" placeholder=\"MENSAJE\" required=\"required\"><\/textarea>\t\t\t\t<\/div>\n\t\t\t\t\t\t\t\t<div class=\"elementor-field-type-checkbox elementor-field-group elementor-column elementor-field-group-field_b42f255 elementor-col-100\">\n\t\t\t\t\t\t\t\t\t\t\t\t<label for=\"form-field-field_b42f255\" class=\"elementor-field-label elementor-screen-only\">\n\t\t\t\t\t\t\t\tTerminos\t\t\t\t\t\t\t<\/label>\n\t\t\t\t\t\t<div class=\"elementor-field-subgroup  \"><span class=\"elementor-field-option\"><input type=\"checkbox\" value=\"HE LE\u00cdDO Y ACEPTO LA POL\u00cdTICA DE PRIVACIDAD\" id=\"form-field-field_b42f255-0\" name=\"form_fields[field_b42f255]\"> <label for=\"form-field-field_b42f255-0\">HE LE\u00cdDO Y ACEPTO LA POL\u00cdTICA DE PRIVACIDAD<\/label><\/span><\/div>\t\t\t\t<\/div>\n\t\t\t\t\t\t\t\t<div class=\"elementor-field-type-html elementor-field-group elementor-column elementor-field-group-field_5740e5b elementor-col-100\">\n\t\t\t\t\t<div style=\"\n    background-color: transparent; \n    padding: 20px; \n    text-align: center;\n\">\n    <p style=\"\n        font-family: 'Futura', 'Trebuchet MS', Arial, sans-serif; \n        color: #F0D8C2; \n        font-size: 14px; \n        line-height: 1.6; \n        letter-spacing: 0.5px;\n        max-width: 600px; \n        margin: 0 auto;\n    \">\n        Los datos facilitados ser\u00e1n tratados por Casa Inquieta con la finalidad de gestionar la solicitud de \n        informaci\u00f3n sobre eventos. Puedes ejercer tus derechos de acceso, rectificaci\u00f3n y supresi\u00f3n enviando un \n        correo a <a href=\"mailto:eventos@casainquieta.es\" style=\"color: #F0D8C2; text-decoration: underline;\">eventos@casainquieta.es<\/a>.\n    <\/p>\n<\/div>\t\t\t\t<\/div>\n\t\t\t\t\t\t\t\t<div class=\"elementor-field-group elementor-column elementor-field-type-submit elementor-col-100 e-form__buttons elementor-sm-100\">\n\t\t\t\t\t<button class=\"elementor-button elementor-size-xs\" type=\"submit\">\n\t\t\t\t\t\t<span class=\"elementor-button-content-wrapper\">\n\t\t\t\t\t\t\t\t\t\t\t\t\t\t\t\t\t\t\t\t\t\t<span class=\"elementor-button-text\">SOLICITAR PROPUESTA<\/span>\n\t\t\t\t\t\t\t\t\t\t\t\t\t<\/span>\n\t\t\t\t\t<\/button>\n\t\t\t\t<\/div>\n\t\t\t<\/div>\n\t\t<\/form>\n\t\t\t\t\t\t<\/div>\n\t\t\t\t<\/div>\n\t\t<div class=\"elementor-element elementor-element-06db900 e-flex e-con-boxed wpr-particle-no wpr-jarallax-no wpr-parallax-no wpr-sticky-section-no e-con e-parent\" data-id=\"06db900\" data-element_type=\"container\" data-settings=\"{&quot;background_background&quot;:&quot;classic&quot;}\">\n\t\t\t\t\t<div class=\"e-con-inner\">\n\t\t\t\t<div class=\"elementor-element elementor-element-200bac9 elementor-widget elementor-widget-text-editor\" data-id=\"200bac9\" data-element_type=\"widget\" data-widget_type=\"text-editor.default\">\n\t\t\t\t\t\t\t\t\t<p>DESCUBRE NUESTRA GASTRONOM\u00cdA<\/p>\t\t\t\t\t\t\t\t<\/div>\n\t\t\t\t<div class=\"elementor-element elementor-element-17ff500 elementor-align-center elementor-widget elementor-widget-button\" data-id=\"17ff500\" data-element_type=\"widget\" data-widget_type=\"button.default\">\n\t\t\t\t\t\t\t\t\t\t<a class=\"elementor-button elementor-button-link elementor-size-sm\" href=\"https:\/\/casainquieta.es\/inicio\/restaurante\/\">\n\t\t\t\t\t\t<span class=\"elementor-button-content-wrapper\">\n\t\t\t\t\t\t\t\t\t<span class=\"elementor-button-text\">RESTAURANTE CASA INQUIETA<\/span>\n\t\t\t\t\t<\/span>\n\t\t\t\t\t<\/a>\n\t\t\t\t\t\t\t\t<\/div>\n\t\t\t\t\t<\/div>\n\t\t\t\t<\/div>\n\t\t\t\t<\/div>\n\t\t","protected":false},"excerpt":{"rendered":"<p>SOCIALES Y CULTURALES Presentaciones, encuentros vinculados al arte, la moda,el dise\u00f1o o la cultura, con la posibilidad de integrargastronom\u00eda, flamenco y distintos espacios de la casa. CELEBRA TU EVENTO EN CASA INQUIETA DESCUBRE NUESTRA GASTRONOM\u00cdA RESTAURANTE CASA INQUIETA<\/p>\n","protected":false},"author":1,"featured_media":0,"parent":0,"menu_order":0,"comment_status":"closed","ping_status":"closed","template":"","meta":{"footnotes":""},"class_list":["post-4358","page","type-page","status-publish","hentry"],"yoast_head":"<!-- This site is optimized with the Yoast SEO plugin v26.8 - https:\/\/yoast.com\/product\/yoast-seo-wordpress\/ -->\n<title>SOCIALES Y CULTURALES -<\/title>\n<meta name=\"robots\" content=\"index, follow, max-snippet:-1, max-image-preview:large, max-video-preview:-1\" \/>\n<link rel=\"canonical\" href=\"https:\/\/casainquieta.es\/inicio\/sociales-y-culturales\/\" \/>\n<meta property=\"og:locale\" content=\"en_US\" \/>\n<meta property=\"og:type\" content=\"article\" \/>\n<meta property=\"og:title\" content=\"SOCIALES Y CULTURALES -\" \/>\n<meta property=\"og:description\" content=\"SOCIALES Y CULTURALES Presentaciones, encuentros vinculados al arte, la moda,el dise\u00f1o o la cultura, con la posibilidad de integrargastronom\u00eda, flamenco y distintos espacios de la casa. CELEBRA TU EVENTO EN CASA INQUIETA DESCUBRE NUESTRA GASTRONOM\u00cdA RESTAURANTE CASA INQUIETA\" \/>\n<meta property=\"og:url\" content=\"https:\/\/casainquieta.es\/inicio\/sociales-y-culturales\/\" \/>\n<meta property=\"article:modified_time\" content=\"2026-04-01T15:27:06+00:00\" \/>\n<meta name=\"twitter:card\" content=\"summary_large_image\" \/>\n<meta name=\"twitter:label1\" content=\"Est. reading time\" \/>\n\t<meta name=\"twitter:data1\" content=\"1 minute\" \/>\n<script type=\"application\/ld+json\" class=\"yoast-schema-graph\">{\"@context\":\"https:\/\/schema.org\",\"@graph\":[{\"@type\":\"WebPage\",\"@id\":\"https:\/\/casainquieta.es\/inicio\/sociales-y-culturales\/\",\"url\":\"https:\/\/casainquieta.es\/inicio\/sociales-y-culturales\/\",\"name\":\"SOCIALES Y CULTURALES -\",\"isPartOf\":{\"@id\":\"https:\/\/casainquieta.es\/inicio\/#website\"},\"datePublished\":\"2026-04-01T14:48:16+00:00\",\"dateModified\":\"2026-04-01T15:27:06+00:00\",\"breadcrumb\":{\"@id\":\"https:\/\/casainquieta.es\/inicio\/sociales-y-culturales\/#breadcrumb\"},\"inLanguage\":\"en-US\",\"potentialAction\":[{\"@type\":\"ReadAction\",\"target\":[\"https:\/\/casainquieta.es\/inicio\/sociales-y-culturales\/\"]}]},{\"@type\":\"BreadcrumbList\",\"@id\":\"https:\/\/casainquieta.es\/inicio\/sociales-y-culturales\/#breadcrumb\",\"itemListElement\":[{\"@type\":\"ListItem\",\"position\":1,\"name\":\"Portada\",\"item\":\"https:\/\/casainquieta.es\/inicio\/\"},{\"@type\":\"ListItem\",\"position\":2,\"name\":\"SOCIALES Y CULTURALES\"}]},{\"@type\":\"WebSite\",\"@id\":\"https:\/\/casainquieta.es\/inicio\/#website\",\"url\":\"https:\/\/casainquieta.es\/inicio\/\",\"name\":\"\",\"description\":\"\",\"potentialAction\":[{\"@type\":\"SearchAction\",\"target\":{\"@type\":\"EntryPoint\",\"urlTemplate\":\"https:\/\/casainquieta.es\/inicio\/?s={search_term_string}\"},\"query-input\":{\"@type\":\"PropertyValueSpecification\",\"valueRequired\":true,\"valueName\":\"search_term_string\"}}],\"inLanguage\":\"en-US\"}]}<\/script>\n<!-- \/ Yoast SEO plugin. -->","yoast_head_json":{"title":"SOCIALES Y CULTURALES -","robots":{"index":"index","follow":"follow","max-snippet":"max-snippet:-1","max-image-preview":"max-image-preview:large","max-video-preview":"max-video-preview:-1"},"canonical":"https:\/\/casainquieta.es\/inicio\/sociales-y-culturales\/","og_locale":"en_US","og_type":"article","og_title":"SOCIALES Y CULTURALES -","og_description":"SOCIALES Y CULTURALES Presentaciones, encuentros vinculados al arte, la moda,el dise\u00f1o o la cultura, con la posibilidad de integrargastronom\u00eda, flamenco y distintos espacios de la casa. CELEBRA TU EVENTO EN CASA INQUIETA DESCUBRE NUESTRA GASTRONOM\u00cdA RESTAURANTE CASA INQUIETA","og_url":"https:\/\/casainquieta.es\/inicio\/sociales-y-culturales\/","article_modified_time":"2026-04-01T15:27:06+00:00","twitter_card":"summary_large_image","twitter_misc":{"Est. reading time":"1 minute"},"schema":{"@context":"https:\/\/schema.org","@graph":[{"@type":"WebPage","@id":"https:\/\/casainquieta.es\/inicio\/sociales-y-culturales\/","url":"https:\/\/casainquieta.es\/inicio\/sociales-y-culturales\/","name":"SOCIALES Y CULTURALES -","isPartOf":{"@id":"https:\/\/casainquieta.es\/inicio\/#website"},"datePublished":"2026-04-01T14:48:16+00:00","dateModified":"2026-04-01T15:27:06+00:00","breadcrumb":{"@id":"https:\/\/casainquieta.es\/inicio\/sociales-y-culturales\/#breadcrumb"},"inLanguage":"en-US","potentialAction":[{"@type":"ReadAction","target":["https:\/\/casainquieta.es\/inicio\/sociales-y-culturales\/"]}]},{"@type":"BreadcrumbList","@id":"https:\/\/casainquieta.es\/inicio\/sociales-y-culturales\/#breadcrumb","itemListElement":[{"@type":"ListItem","position":1,"name":"Portada","item":"https:\/\/casainquieta.es\/inicio\/"},{"@type":"ListItem","position":2,"name":"SOCIALES Y CULTURALES"}]},{"@type":"WebSite","@id":"https:\/\/casainquieta.es\/inicio\/#website","url":"https:\/\/casainquieta.es\/inicio\/","name":"","description":"","potentialAction":[{"@type":"SearchAction","target":{"@type":"EntryPoint","urlTemplate":"https:\/\/casainquieta.es\/inicio\/?s={search_term_string}"},"query-input":{"@type":"PropertyValueSpecification","valueRequired":true,"valueName":"search_term_string"}}],"inLanguage":"en-US"}]}},"acf":[],"_links":{"self":[{"href":"https:\/\/casainquieta.es\/inicio\/wp-json\/wp\/v2\/pages\/4358","targetHints":{"allow":["GET"]}}],"collection":[{"href":"https:\/\/casainquieta.es\/inicio\/wp-json\/wp\/v2\/pages"}],"about":[{"href":"https:\/\/casainquieta.es\/inicio\/wp-json\/wp\/v2\/types\/page"}],"author":[{"embeddable":true,"href":"https:\/\/casainquieta.es\/inicio\/wp-json\/wp\/v2\/users\/1"}],"replies":[{"embeddable":true,"href":"https:\/\/casainquieta.es\/inicio\/wp-json\/wp\/v2\/comments?post=4358"}],"version-history":[{"count":25,"href":"https:\/\/casainquieta.es\/inicio\/wp-json\/wp\/v2\/pages\/4358\/revisions"}],"predecessor-version":[{"id":4386,"href":"https:\/\/casainquieta.es\/inicio\/wp-json\/wp\/v2\/pages\/4358\/revisions\/4386"}],"wp:attachment":[{"href":"https:\/\/casainquieta.es\/inicio\/wp-json\/wp\/v2\/media?parent=4358"}],"curies":[{"name":"wp","href":"https:\/\/api.w.org\/{rel}","templated":true}]}}