{"id":4697,"date":"2026-04-06T16:44:07","date_gmt":"2026-04-06T16:44:07","guid":{"rendered":"https:\/\/casainquieta.es\/inicio\/?page_id=4697"},"modified":"2026-04-06T16:46:59","modified_gmt":"2026-04-06T16:46:59","slug":"experiencias","status":"publish","type":"page","link":"https:\/\/casainquieta.es\/inicio\/experiencias\/","title":{"rendered":"EXPERIENCIAS"},"content":{"rendered":"\t\t<div data-elementor-type=\"wp-page\" data-elementor-id=\"4697\" class=\"elementor elementor-4697\" data-elementor-post-type=\"page\">\n\t\t\t\t<div class=\"elementor-element elementor-element-4762ec2 e-con-full e-flex wpr-particle-no wpr-jarallax-no wpr-parallax-no wpr-sticky-section-no e-con e-parent\" data-id=\"4762ec2\" data-element_type=\"container\" data-settings=\"{&quot;background_background&quot;:&quot;classic&quot;}\">\n\t\t\t\t<div class=\"elementor-element elementor-element-4504ae7 elementor-widget__width-initial elementor-widget elementor-widget-image\" data-id=\"4504ae7\" data-element_type=\"widget\" data-widget_type=\"image.default\">\n\t\t\t\t\t\t\t\t\t\t\t\t\t\t\t<img fetchpriority=\"high\" decoding=\"async\" width=\"800\" height=\"173\" src=\"https:\/\/casainquieta.es\/inicio\/wp-content\/uploads\/2026\/04\/hotel-1-e1775063797763-1024x221.png\" class=\"attachment-large size-large wp-image-4435\" alt=\"\" srcset=\"https:\/\/casainquieta.es\/inicio\/wp-content\/uploads\/2026\/04\/hotel-1-e1775063797763-1024x221.png 1024w, https:\/\/casainquieta.es\/inicio\/wp-content\/uploads\/2026\/04\/hotel-1-e1775063797763-300x65.png 300w, https:\/\/casainquieta.es\/inicio\/wp-content\/uploads\/2026\/04\/hotel-1-e1775063797763-768x166.png 768w, https:\/\/casainquieta.es\/inicio\/wp-content\/uploads\/2026\/04\/hotel-1-e1775063797763.png 1530w\" sizes=\"(max-width: 800px) 100vw, 800px\" \/>\t\t\t\t\t\t\t\t\t\t\t\t\t\t\t<\/div>\n\t\t\t\t<\/div>\n\t\t<div class=\"elementor-element elementor-element-86c744f e-flex e-con-boxed wpr-particle-no wpr-jarallax-no wpr-parallax-no wpr-sticky-section-no e-con e-parent\" data-id=\"86c744f\" data-element_type=\"container\" data-settings=\"{&quot;background_background&quot;:&quot;classic&quot;}\">\n\t\t\t\t\t<div class=\"e-con-inner\">\n\t\t\t\t<div class=\"elementor-element elementor-element-55d3d31 elementor-widget elementor-widget-text-editor\" data-id=\"55d3d31\" data-element_type=\"widget\" data-widget_type=\"text-editor.default\">\n\t\t\t\t\t\t\t\t\t<p>DISFRUTA DE TODAS LAS EXPERIENCIAS<br \/>QUE CASA INQUIETA PUEDE OFRECER.<\/p>\t\t\t\t\t\t\t\t<\/div>\n\t\t\t\t\t<\/div>\n\t\t\t\t<\/div>\n\t\t<div class=\"elementor-element elementor-element-bbd16c7 e-flex e-con-boxed wpr-particle-no wpr-jarallax-no wpr-parallax-no wpr-sticky-section-no e-con e-parent\" data-id=\"bbd16c7\" data-element_type=\"container\" data-settings=\"{&quot;background_background&quot;:&quot;classic&quot;}\">\n\t\t\t\t\t<div class=\"e-con-inner\">\n\t\t<div class=\"elementor-element elementor-element-91c9613 e-con-full e-flex wpr-particle-no wpr-jarallax-no wpr-parallax-no wpr-sticky-section-no e-con e-child\" data-id=\"91c9613\" data-element_type=\"container\">\n\t\t\t\t<div class=\"elementor-element elementor-element-7d3aa84 elementor-widget-mobile__width-initial elementor-position-top elementor-widget elementor-widget-image-box\" data-id=\"7d3aa84\" data-element_type=\"widget\" data-widget_type=\"image-box.default\">\n\t\t\t\t\t<div class=\"elementor-image-box-wrapper\"><figure class=\"elementor-image-box-img\"><img decoding=\"async\" width=\"655\" height=\"1000\" src=\"https:\/\/casainquieta.es\/inicio\/wp-content\/uploads\/2026\/03\/FOTO_IZQUIERDA_GASTRO.jpg\" class=\"attachment-full size-full wp-image-3956\" alt=\"\" srcset=\"https:\/\/casainquieta.es\/inicio\/wp-content\/uploads\/2026\/03\/FOTO_IZQUIERDA_GASTRO.jpg 655w, https:\/\/casainquieta.es\/inicio\/wp-content\/uploads\/2026\/03\/FOTO_IZQUIERDA_GASTRO-197x300.jpg 197w\" sizes=\"(max-width: 655px) 100vw, 655px\" \/><\/figure><div class=\"elementor-image-box-content\"><h3 class=\"elementor-image-box-title\">RESTAURANTE CASA INQUIETA<\/h3><p class=\"elementor-image-box-description\">La propuesta gastron\u00f3mica de Casa\nInquieta acompa\u00f1a el ritmo de la casa\ny de la ciudad. Una cocina que parte\ndel producto y del entorno, con una\nmirada actual y sin excesos. Un lugar\npara sentarse, compartir y entender\nSevilla tambi\u00e9n a trav\u00e9s de la mesa.<\/p><\/div><\/div>\t\t\t\t<\/div>\n\t\t\t\t<div class=\"elementor-element elementor-element-90cd282 elementor-align-center elementor-widget elementor-widget-button\" data-id=\"90cd282\" data-element_type=\"widget\" data-widget_type=\"button.default\">\n\t\t\t\t\t\t\t\t\t\t<a class=\"elementor-button elementor-button-link elementor-size-sm\" href=\"#reservas-restaurante#reservas-restaurante\">\n\t\t\t\t\t\t<span class=\"elementor-button-content-wrapper\">\n\t\t\t\t\t\t\t\t\t<span class=\"elementor-button-text\">RESERVAR MESA<\/span>\n\t\t\t\t\t<\/span>\n\t\t\t\t\t<\/a>\n\t\t\t\t\t\t\t\t<\/div>\n\t\t\t\t<div class=\"elementor-element elementor-element-bf4f8f6 elementor-align-center elementor-widget__width-initial elementor-widget elementor-widget-button\" data-id=\"bf4f8f6\" data-element_type=\"widget\" data-widget_type=\"button.default\">\n\t\t\t\t\t\t\t\t\t\t<a class=\"elementor-button elementor-button-link elementor-size-sm\" href=\"https:\/\/casainquieta.es\/inicio\/restaurante\/\">\n\t\t\t\t\t\t<span class=\"elementor-button-content-wrapper\">\n\t\t\t\t\t\t\t\t\t<span class=\"elementor-button-text\">M\u00c1S INFORMACI\u00d3N<\/span>\n\t\t\t\t\t<\/span>\n\t\t\t\t\t<\/a>\n\t\t\t\t\t\t\t\t<\/div>\n\t\t\t\t<\/div>\n\t\t<div class=\"elementor-element elementor-element-59102cb e-con-full e-flex wpr-particle-no wpr-jarallax-no wpr-parallax-no wpr-sticky-section-no e-con e-child\" data-id=\"59102cb\" data-element_type=\"container\">\n\t\t\t\t<div class=\"elementor-element elementor-element-f68fa4c elementor-position-top elementor-widget elementor-widget-image-box\" data-id=\"f68fa4c\" data-element_type=\"widget\" data-widget_type=\"image-box.default\">\n\t\t\t\t\t<div class=\"elementor-image-box-wrapper\"><figure class=\"elementor-image-box-img\"><img decoding=\"async\" width=\"655\" height=\"1000\" src=\"https:\/\/casainquieta.es\/inicio\/wp-content\/uploads\/2026\/03\/FOTO_DERECHA_TABLAO.jpg\" class=\"attachment-full size-full wp-image-3957\" alt=\"\" srcset=\"https:\/\/casainquieta.es\/inicio\/wp-content\/uploads\/2026\/03\/FOTO_DERECHA_TABLAO.jpg 655w, https:\/\/casainquieta.es\/inicio\/wp-content\/uploads\/2026\/03\/FOTO_DERECHA_TABLAO-197x300.jpg 197w\" sizes=\"(max-width: 655px) 100vw, 655px\" \/><\/figure><div class=\"elementor-image-box-content\"><h3 class=\"elementor-image-box-title\">TABLAO FLAMENCO CASA INQUIETA<\/h3><p class=\"elementor-image-box-description\">El flamenco forma parte de la esencia\nde Casa Inquieta. Un espacio donde\nvivirlo de cerca, sin artificio, con la\nintensidad y la pureza que lo definen.\nUna experiencia pensada para\nquienes quieren acercarse al flamenco\ndesde dentro, en un entorno cuidado y\ncon aforo reducido.<\/p><\/div><\/div>\t\t\t\t<\/div>\n\t\t\t\t<div class=\"elementor-element elementor-element-2c81d6d elementor-align-center elementor-widget elementor-widget-button\" data-id=\"2c81d6d\" data-element_type=\"widget\" data-widget_type=\"button.default\">\n\t\t\t\t\t\t\t\t\t\t<a class=\"elementor-button elementor-button-link elementor-size-sm\" href=\"https:\/\/casainquieta.es\/inicio\/flamenco\/#reservas\">\n\t\t\t\t\t\t<span class=\"elementor-button-content-wrapper\">\n\t\t\t\t\t\t\t\t\t<span class=\"elementor-button-text\">RESERVAR ENTRADAS<\/span>\n\t\t\t\t\t<\/span>\n\t\t\t\t\t<\/a>\n\t\t\t\t\t\t\t\t<\/div>\n\t\t\t\t<div class=\"elementor-element elementor-element-2739a7d elementor-align-center elementor-widget__width-initial elementor-widget elementor-widget-button\" data-id=\"2739a7d\" data-element_type=\"widget\" data-widget_type=\"button.default\">\n\t\t\t\t\t\t\t\t\t\t<a class=\"elementor-button elementor-button-link elementor-size-sm\" href=\"https:\/\/casainquieta.es\/inicio\/flamenco\/\">\n\t\t\t\t\t\t<span class=\"elementor-button-content-wrapper\">\n\t\t\t\t\t\t\t\t\t<span class=\"elementor-button-text\">M\u00c1S INFORMACI\u00d3N<\/span>\n\t\t\t\t\t<\/span>\n\t\t\t\t\t<\/a>\n\t\t\t\t\t\t\t\t<\/div>\n\t\t\t\t<\/div>\n\t\t\t\t\t<\/div>\n\t\t\t\t<\/div>\n\t\t\t\t<\/div>\n\t\t","protected":false},"excerpt":{"rendered":"<p>DISFRUTA DE TODAS LAS EXPERIENCIASQUE CASA INQUIETA PUEDE OFRECER. RESTAURANTE CASA INQUIETA La propuesta gastron\u00f3mica de Casa Inquieta acompa\u00f1a el ritmo de la casa y de la ciudad. Una cocina que parte del producto y del entorno, con una mirada actual y sin excesos. Un lugar para sentarse, compartir y entender Sevilla tambi\u00e9n a trav\u00e9s de la mesa. RESERVAR MESA M\u00c1S INFORMACI\u00d3N TABLAO FLAMENCO CASA INQUIETA El flamenco forma parte de la esencia de Casa Inquieta. Un espacio donde vivirlo de cerca, sin artificio, con la intensidad y la pureza que lo definen. Una experiencia pensada para quienes quieren acercarse al flamenco desde dentro, en un entorno cuidado y con aforo reducido. RESERVAR ENTRADAS M\u00c1S INFORMACI\u00d3N<\/p>\n","protected":false},"author":1,"featured_media":0,"parent":0,"menu_order":0,"comment_status":"closed","ping_status":"closed","template":"","meta":{"footnotes":""},"class_list":["post-4697","page","type-page","status-publish","hentry"],"yoast_head":"<!-- This site is optimized with the Yoast SEO plugin v26.8 - https:\/\/yoast.com\/product\/yoast-seo-wordpress\/ -->\n<title>EXPERIENCIAS -<\/title>\n<meta name=\"robots\" content=\"index, follow, max-snippet:-1, max-image-preview:large, max-video-preview:-1\" \/>\n<link rel=\"canonical\" href=\"https:\/\/casainquieta.es\/inicio\/experiencias\/\" \/>\n<meta property=\"og:locale\" content=\"en_US\" \/>\n<meta property=\"og:type\" content=\"article\" \/>\n<meta property=\"og:title\" content=\"EXPERIENCIAS -\" \/>\n<meta property=\"og:description\" content=\"DISFRUTA DE TODAS LAS EXPERIENCIASQUE CASA INQUIETA PUEDE OFRECER. RESTAURANTE CASA INQUIETA La propuesta gastron\u00f3mica de Casa Inquieta acompa\u00f1a el ritmo de la casa y de la ciudad. Una cocina que parte del producto y del entorno, con una mirada actual y sin excesos. Un lugar para sentarse, compartir y entender Sevilla tambi\u00e9n a trav\u00e9s de la mesa. RESERVAR MESA M\u00c1S INFORMACI\u00d3N TABLAO FLAMENCO CASA INQUIETA El flamenco forma parte de la esencia de Casa Inquieta. Un espacio donde vivirlo de cerca, sin artificio, con la intensidad y la pureza que lo definen. Una experiencia pensada para quienes quieren acercarse al flamenco desde dentro, en un entorno cuidado y con aforo reducido. RESERVAR ENTRADAS M\u00c1S INFORMACI\u00d3N\" \/>\n<meta property=\"og:url\" content=\"https:\/\/casainquieta.es\/inicio\/experiencias\/\" \/>\n<meta property=\"article:modified_time\" content=\"2026-04-06T16:46:59+00:00\" \/>\n<meta property=\"og:image\" content=\"https:\/\/casainquieta.es\/inicio\/wp-content\/uploads\/2026\/04\/hotel-1-e1775063797763.png\" \/>\n\t<meta property=\"og:image:width\" content=\"1530\" \/>\n\t<meta property=\"og:image:height\" content=\"330\" \/>\n\t<meta property=\"og:image:type\" content=\"image\/png\" \/>\n<meta name=\"twitter:card\" content=\"summary_large_image\" \/>\n<meta name=\"twitter:label1\" content=\"Est. reading time\" \/>\n\t<meta name=\"twitter:data1\" content=\"1 minute\" \/>\n<script type=\"application\/ld+json\" class=\"yoast-schema-graph\">{\"@context\":\"https:\/\/schema.org\",\"@graph\":[{\"@type\":\"WebPage\",\"@id\":\"https:\/\/casainquieta.es\/inicio\/experiencias\/\",\"url\":\"https:\/\/casainquieta.es\/inicio\/experiencias\/\",\"name\":\"EXPERIENCIAS -\",\"isPartOf\":{\"@id\":\"https:\/\/casainquieta.es\/inicio\/#website\"},\"primaryImageOfPage\":{\"@id\":\"https:\/\/casainquieta.es\/inicio\/experiencias\/#primaryimage\"},\"image\":{\"@id\":\"https:\/\/casainquieta.es\/inicio\/experiencias\/#primaryimage\"},\"thumbnailUrl\":\"https:\/\/casainquieta.es\/inicio\/wp-content\/uploads\/2026\/04\/hotel-1-e1775063797763-1024x221.png\",\"datePublished\":\"2026-04-06T16:44:07+00:00\",\"dateModified\":\"2026-04-06T16:46:59+00:00\",\"breadcrumb\":{\"@id\":\"https:\/\/casainquieta.es\/inicio\/experiencias\/#breadcrumb\"},\"inLanguage\":\"en-US\",\"potentialAction\":[{\"@type\":\"ReadAction\",\"target\":[\"https:\/\/casainquieta.es\/inicio\/experiencias\/\"]}]},{\"@type\":\"ImageObject\",\"inLanguage\":\"en-US\",\"@id\":\"https:\/\/casainquieta.es\/inicio\/experiencias\/#primaryimage\",\"url\":\"https:\/\/casainquieta.es\/inicio\/wp-content\/uploads\/2026\/04\/hotel-1-e1775063797763.png\",\"contentUrl\":\"https:\/\/casainquieta.es\/inicio\/wp-content\/uploads\/2026\/04\/hotel-1-e1775063797763.png\",\"width\":1530,\"height\":330},{\"@type\":\"BreadcrumbList\",\"@id\":\"https:\/\/casainquieta.es\/inicio\/experiencias\/#breadcrumb\",\"itemListElement\":[{\"@type\":\"ListItem\",\"position\":1,\"name\":\"Portada\",\"item\":\"https:\/\/casainquieta.es\/inicio\/\"},{\"@type\":\"ListItem\",\"position\":2,\"name\":\"EXPERIENCIAS\"}]},{\"@type\":\"WebSite\",\"@id\":\"https:\/\/casainquieta.es\/inicio\/#website\",\"url\":\"https:\/\/casainquieta.es\/inicio\/\",\"name\":\"\",\"description\":\"\",\"potentialAction\":[{\"@type\":\"SearchAction\",\"target\":{\"@type\":\"EntryPoint\",\"urlTemplate\":\"https:\/\/casainquieta.es\/inicio\/?s={search_term_string}\"},\"query-input\":{\"@type\":\"PropertyValueSpecification\",\"valueRequired\":true,\"valueName\":\"search_term_string\"}}],\"inLanguage\":\"en-US\"}]}<\/script>\n<!-- \/ Yoast SEO plugin. -->","yoast_head_json":{"title":"EXPERIENCIAS -","robots":{"index":"index","follow":"follow","max-snippet":"max-snippet:-1","max-image-preview":"max-image-preview:large","max-video-preview":"max-video-preview:-1"},"canonical":"https:\/\/casainquieta.es\/inicio\/experiencias\/","og_locale":"en_US","og_type":"article","og_title":"EXPERIENCIAS -","og_description":"DISFRUTA DE TODAS LAS EXPERIENCIASQUE CASA INQUIETA PUEDE OFRECER. RESTAURANTE CASA INQUIETA La propuesta gastron\u00f3mica de Casa Inquieta acompa\u00f1a el ritmo de la casa y de la ciudad. Una cocina que parte del producto y del entorno, con una mirada actual y sin excesos. Un lugar para sentarse, compartir y entender Sevilla tambi\u00e9n a trav\u00e9s de la mesa. RESERVAR MESA M\u00c1S INFORMACI\u00d3N TABLAO FLAMENCO CASA INQUIETA El flamenco forma parte de la esencia de Casa Inquieta. Un espacio donde vivirlo de cerca, sin artificio, con la intensidad y la pureza que lo definen. Una experiencia pensada para quienes quieren acercarse al flamenco desde dentro, en un entorno cuidado y con aforo reducido. RESERVAR ENTRADAS M\u00c1S INFORMACI\u00d3N","og_url":"https:\/\/casainquieta.es\/inicio\/experiencias\/","article_modified_time":"2026-04-06T16:46:59+00:00","og_image":[{"width":1530,"height":330,"url":"https:\/\/casainquieta.es\/inicio\/wp-content\/uploads\/2026\/04\/hotel-1-e1775063797763.png","type":"image\/png"}],"twitter_card":"summary_large_image","twitter_misc":{"Est. reading time":"1 minute"},"schema":{"@context":"https:\/\/schema.org","@graph":[{"@type":"WebPage","@id":"https:\/\/casainquieta.es\/inicio\/experiencias\/","url":"https:\/\/casainquieta.es\/inicio\/experiencias\/","name":"EXPERIENCIAS -","isPartOf":{"@id":"https:\/\/casainquieta.es\/inicio\/#website"},"primaryImageOfPage":{"@id":"https:\/\/casainquieta.es\/inicio\/experiencias\/#primaryimage"},"image":{"@id":"https:\/\/casainquieta.es\/inicio\/experiencias\/#primaryimage"},"thumbnailUrl":"https:\/\/casainquieta.es\/inicio\/wp-content\/uploads\/2026\/04\/hotel-1-e1775063797763-1024x221.png","datePublished":"2026-04-06T16:44:07+00:00","dateModified":"2026-04-06T16:46:59+00:00","breadcrumb":{"@id":"https:\/\/casainquieta.es\/inicio\/experiencias\/#breadcrumb"},"inLanguage":"en-US","potentialAction":[{"@type":"ReadAction","target":["https:\/\/casainquieta.es\/inicio\/experiencias\/"]}]},{"@type":"ImageObject","inLanguage":"en-US","@id":"https:\/\/casainquieta.es\/inicio\/experiencias\/#primaryimage","url":"https:\/\/casainquieta.es\/inicio\/wp-content\/uploads\/2026\/04\/hotel-1-e1775063797763.png","contentUrl":"https:\/\/casainquieta.es\/inicio\/wp-content\/uploads\/2026\/04\/hotel-1-e1775063797763.png","width":1530,"height":330},{"@type":"BreadcrumbList","@id":"https:\/\/casainquieta.es\/inicio\/experiencias\/#breadcrumb","itemListElement":[{"@type":"ListItem","position":1,"name":"Portada","item":"https:\/\/casainquieta.es\/inicio\/"},{"@type":"ListItem","position":2,"name":"EXPERIENCIAS"}]},{"@type":"WebSite","@id":"https:\/\/casainquieta.es\/inicio\/#website","url":"https:\/\/casainquieta.es\/inicio\/","name":"","description":"","potentialAction":[{"@type":"SearchAction","target":{"@type":"EntryPoint","urlTemplate":"https:\/\/casainquieta.es\/inicio\/?s={search_term_string}"},"query-input":{"@type":"PropertyValueSpecification","valueRequired":true,"valueName":"search_term_string"}}],"inLanguage":"en-US"}]}},"acf":[],"_links":{"self":[{"href":"https:\/\/casainquieta.es\/inicio\/wp-json\/wp\/v2\/pages\/4697","targetHints":{"allow":["GET"]}}],"collection":[{"href":"https:\/\/casainquieta.es\/inicio\/wp-json\/wp\/v2\/pages"}],"about":[{"href":"https:\/\/casainquieta.es\/inicio\/wp-json\/wp\/v2\/types\/page"}],"author":[{"embeddable":true,"href":"https:\/\/casainquieta.es\/inicio\/wp-json\/wp\/v2\/users\/1"}],"replies":[{"embeddable":true,"href":"https:\/\/casainquieta.es\/inicio\/wp-json\/wp\/v2\/comments?post=4697"}],"version-history":[{"count":5,"href":"https:\/\/casainquieta.es\/inicio\/wp-json\/wp\/v2\/pages\/4697\/revisions"}],"predecessor-version":[{"id":4706,"href":"https:\/\/casainquieta.es\/inicio\/wp-json\/wp\/v2\/pages\/4697\/revisions\/4706"}],"wp:attachment":[{"href":"https:\/\/casainquieta.es\/inicio\/wp-json\/wp\/v2\/media?parent=4697"}],"curies":[{"name":"wp","href":"https:\/\/api.w.org\/{rel}","templated":true}]}}